{"id":1225,"date":"2024-02-02T10:07:42","date_gmt":"2024-02-02T09:07:42","guid":{"rendered":"https:\/\/rentacarjosmar.com\/erklaerung-zur-barrierefreiheit\/"},"modified":"2024-02-21T13:53:55","modified_gmt":"2024-02-21T12:53:55","slug":"erklaerung-zur-barrierefreiheit","status":"publish","type":"page","link":"https:\/\/rentacarjosmar.com\/de\/erklaerung-zur-barrierefreiheit\/","title":{"rendered":"Erkl\u00e4rung zur Barrierefreiheit"},"content":{"rendered":"\t\t<div data-elementor-type=\"wp-page\" data-elementor-id=\"1225\" class=\"elementor elementor-1225 elementor-191\" data-elementor-post-type=\"page\">\n\t\t\t\t\t\t\t<div data-particle_enable=\"false\" data-particle-mobile-disabled=\"false\" class=\"elementor-element elementor-element-75f5ab7 e-flex e-con-boxed e-con e-parent\" data-id=\"75f5ab7\" data-element_type=\"container\" data-settings=\"{&quot;content_width&quot;:&quot;boxed&quot;}\" data-core-v316-plus=\"true\">\n\t\t\t\t\t<div class=\"e-con-inner\">\n\t\t\t\t<div class=\"elementor-element elementor-element-0ed6da2 elementor-widget elementor-widget-heading\" data-id=\"0ed6da2\" data-element_type=\"widget\" data-widget_type=\"heading.default\">\n\t\t\t\t<div class=\"elementor-widget-container\">\n\t\t\t<style>\/*! elementor - v3.18.0 - 20-12-2023 *\/\n.elementor-heading-title{padding:0;margin:0;line-height:1}.elementor-widget-heading .elementor-heading-title[class*=elementor-size-]>a{color:inherit;font-size:inherit;line-height:inherit}.elementor-widget-heading .elementor-heading-title.elementor-size-small{font-size:15px}.elementor-widget-heading .elementor-heading-title.elementor-size-medium{font-size:19px}.elementor-widget-heading .elementor-heading-title.elementor-size-large{font-size:29px}.elementor-widget-heading .elementor-heading-title.elementor-size-xl{font-size:39px}.elementor-widget-heading .elementor-heading-title.elementor-size-xxl{font-size:59px}<\/style><h2 class=\"elementor-heading-title elementor-size-default\">Erkl\u00e4rung zur Barrierefreiheit<\/h2>\t\t<\/div>\n\t\t\t\t<\/div>\n\t\t\t\t<div class=\"elementor-element elementor-element-274f6eb elementor-widget-divider--view-line elementor-widget elementor-widget-divider\" data-id=\"274f6eb\" data-element_type=\"widget\" data-widget_type=\"divider.default\">\n\t\t\t\t<div class=\"elementor-widget-container\">\n\t\t\t<style>\/*! elementor - v3.18.0 - 20-12-2023 *\/\n.elementor-widget-divider{--divider-border-style:none;--divider-border-width:1px;--divider-color:#0c0d0e;--divider-icon-size:20px;--divider-element-spacing:10px;--divider-pattern-height:24px;--divider-pattern-size:20px;--divider-pattern-url:none;--divider-pattern-repeat:repeat-x}.elementor-widget-divider .elementor-divider{display:flex}.elementor-widget-divider .elementor-divider__text{font-size:15px;line-height:1;max-width:95%}.elementor-widget-divider .elementor-divider__element{margin:0 var(--divider-element-spacing);flex-shrink:0}.elementor-widget-divider .elementor-icon{font-size:var(--divider-icon-size)}.elementor-widget-divider .elementor-divider-separator{display:flex;margin:0;direction:ltr}.elementor-widget-divider--view-line_icon .elementor-divider-separator,.elementor-widget-divider--view-line_text .elementor-divider-separator{align-items:center}.elementor-widget-divider--view-line_icon .elementor-divider-separator:after,.elementor-widget-divider--view-line_icon .elementor-divider-separator:before,.elementor-widget-divider--view-line_text .elementor-divider-separator:after,.elementor-widget-divider--view-line_text .elementor-divider-separator:before{display:block;content:\"\";border-bottom:0;flex-grow:1;border-top:var(--divider-border-width) var(--divider-border-style) var(--divider-color)}.elementor-widget-divider--element-align-left .elementor-divider .elementor-divider-separator>.elementor-divider__svg:first-of-type{flex-grow:0;flex-shrink:100}.elementor-widget-divider--element-align-left .elementor-divider-separator:before{content:none}.elementor-widget-divider--element-align-left .elementor-divider__element{margin-left:0}.elementor-widget-divider--element-align-right .elementor-divider .elementor-divider-separator>.elementor-divider__svg:last-of-type{flex-grow:0;flex-shrink:100}.elementor-widget-divider--element-align-right .elementor-divider-separator:after{content:none}.elementor-widget-divider--element-align-right .elementor-divider__element{margin-right:0}.elementor-widget-divider:not(.elementor-widget-divider--view-line_text):not(.elementor-widget-divider--view-line_icon) .elementor-divider-separator{border-top:var(--divider-border-width) var(--divider-border-style) var(--divider-color)}.elementor-widget-divider--separator-type-pattern{--divider-border-style:none}.elementor-widget-divider--separator-type-pattern.elementor-widget-divider--view-line .elementor-divider-separator,.elementor-widget-divider--separator-type-pattern:not(.elementor-widget-divider--view-line) .elementor-divider-separator:after,.elementor-widget-divider--separator-type-pattern:not(.elementor-widget-divider--view-line) .elementor-divider-separator:before,.elementor-widget-divider--separator-type-pattern:not([class*=elementor-widget-divider--view]) .elementor-divider-separator{width:100%;min-height:var(--divider-pattern-height);-webkit-mask-size:var(--divider-pattern-size) 100%;mask-size:var(--divider-pattern-size) 100%;-webkit-mask-repeat:var(--divider-pattern-repeat);mask-repeat:var(--divider-pattern-repeat);background-color:var(--divider-color);-webkit-mask-image:var(--divider-pattern-url);mask-image:var(--divider-pattern-url)}.elementor-widget-divider--no-spacing{--divider-pattern-size:auto}.elementor-widget-divider--bg-round{--divider-pattern-repeat:round}.rtl .elementor-widget-divider .elementor-divider__text{direction:rtl}.e-con-inner>.elementor-widget-divider,.e-con>.elementor-widget-divider{width:var(--container-widget-width,100%);--flex-grow:var(--container-widget-flex-grow)}<\/style>\t\t<div class=\"elementor-divider\">\n\t\t\t<span class=\"elementor-divider-separator\">\n\t\t\t\t\t\t<\/span>\n\t\t<\/div>\n\t\t\t\t<\/div>\n\t\t\t\t<\/div>\n\t\t\t\t<div class=\"elementor-element elementor-element-0cd7bb2 elementor-widget elementor-widget-text-editor\" data-id=\"0cd7bb2\" data-element_type=\"widget\" data-widget_type=\"text-editor.default\">\n\t\t\t\t<div class=\"elementor-widget-container\">\n\t\t\t<style>\/*! elementor - v3.18.0 - 20-12-2023 *\/\n.elementor-widget-text-editor.elementor-drop-cap-view-stacked .elementor-drop-cap{background-color:#69727d;color:#fff}.elementor-widget-text-editor.elementor-drop-cap-view-framed .elementor-drop-cap{color:#69727d;border:3px solid;background-color:transparent}.elementor-widget-text-editor:not(.elementor-drop-cap-view-default) .elementor-drop-cap{margin-top:8px}.elementor-widget-text-editor:not(.elementor-drop-cap-view-default) .elementor-drop-cap-letter{width:1em;height:1em}.elementor-widget-text-editor .elementor-drop-cap{float:left;text-align:center;line-height:1;font-size:50px}.elementor-widget-text-editor .elementor-drop-cap-letter{display:inline-block}<\/style>\t\t\t\t<p>Josmar Caravaning S.L. hat sich verpflichtet, ihre Websites gem\u00e4\u00df dem K\u00f6niglichen Dekret 1112\/2018 vom 7. September \u00fcber die Barrierefreiheit von Websites und mobilen Anwendungen des \u00f6ffentlichen Sektors (im Folgenden als K\u00f6nigliches Dekret 1112\/2018 vom 7. September) zug\u00e4nglich zu machen.<\/p>\n<p>Die vorliegende Erkl\u00e4rung zur Barrierefreiheit gilt f\u00fcr die Website rentacarjosmar.com<\/p>\n<p>SITUATION DER EINHALTUNG<\/p>\n<p>Diese Website ist teilweise konform mit dem K\u00f6niglichen Dekret 1112\/2018 vom 7. September, aufgrund von Nichtkonformit\u00e4ten in den folgenden Bereichen.<\/p>\n<p>NICHT ZUG\u00c4NGLICHER INHALT<\/p>\n<p>Der folgende Inhalt ist nicht zug\u00e4nglich aufgrund folgender Gr\u00fcnde:<\/p>\n<p>Mangelnde Konformit\u00e4t mit dem K\u00f6niglichen Dekret 1112\/2018 vom 7. September: Es k\u00f6nnten einzelne Bearbeitungsfehler auf einer Webseite auftreten, sowohl im HTML-Inhalt als auch in endg\u00fcltigen Dokumenten, die nach dem 20. September 2018 ver\u00f6ffentlicht wurden (Datum des Inkrafttretens des K\u00f6niglichen Dekrets 1112\/2018 vom 7. September).<br \/>Unverh\u00e4ltnism\u00e4\u00dfige Belastung: nicht zutreffend.<\/p>\n<p>ERSTELLUNG DER VORLIEGENDEN BARREIREFREIHEITSERKL\u00c4RUNG<\/p>\n<p>Die vorliegende Erkl\u00e4rung wurde am 12. Januar 2024 erstellt.<\/p>\n<p>Die verwendete Methode zur Vorbereitung der Erkl\u00e4rung war eine Selbstbewertung durch die Organisation selbst.<\/p>\n<p>BEMERKUNGEN UND KONTAKTDATEN<\/p>\n<p>Sie k\u00f6nnen Mitteilungen \u00fcber Barrierefreiheitsanforderungen gem\u00e4\u00df Artikel 10.2.a) des K\u00f6niglichen Dekrets 1112\/2018 vom 7. September, wie z.B.:<\/p>\n<p>\u00dcber etwaige Verst\u00f6\u00dfe dieser Website informieren.<br \/>Andere Schwierigkeiten beim Zugang zum Inhalt \u00fcbermitteln.<br \/>Weitere Fragen oder Verbesserungsvorschl\u00e4ge zur Barrierefreiheit der Website formulieren.<\/p>\n<p>\u00dcber folgende Kan\u00e4le:<\/p>\n<p>E-Mail: info@grupojosmar.com<br \/>Telefon: 630 81 62 18<\/p>\n<p>ANWENDUNGSPROZEDUR<\/p>\n<p>Durch dieses Verfahren k\u00f6nnen Sie eine Beschwerde einreichen, um die Gr\u00fcnde f\u00fcr die Ablehnung eines Antrags auf barrierefreie Informationen oder eine Beschwerde zu erfahren und dagegen Einspruch zu erheben, die Annahme geeigneter Ma\u00dfnahmen zu verlangen, falls Sie mit der getroffenen Entscheidung nicht einverstanden sind, oder die Gr\u00fcnde darlegen, warum Sie der Meinung sind, dass die Antwort nicht den erforderlichen Anforderungen entspricht.<\/p>\n<p>OPTIONALER INHALT<\/p>\n<p>Die aktuelle Version dieser Website stammt aus Februar 2023, und zu diesem Zeitpunkt wurde die \u00dcberpr\u00fcfung des damals geltenden Barrierefreiheitsniveaus durchgef\u00fchrt.<\/p>\n<p>Zu den getroffenen Ma\u00dfnahmen zur Verbesserung der Barrierefreiheit geh\u00f6ren unter anderem:<\/p>\n<p>Verwendung von Alternativtext f\u00fcr Bilder<br \/>Die Links bieten Details zur Funktion oder zum Ziel des Hyperlinks.<br \/>Verwendung der W3C-Standards: XHTML 1.0, CSS 3.0, WAI AA.<\/p>\n<p>Sie k\u00f6nnen auf der Seite Impressum nachsehen, f\u00fcr welche Browser und Versionen diese Website optimiert ist.<\/p>\n\t\t\t\t\t\t<\/div>\n\t\t\t\t<\/div>\n\t\t\t\t\t<\/div>\n\t\t\t\t<\/div>\n\t\t\t\t\t\t\t<\/div>\n\t\t","protected":false},"excerpt":{"rendered":"<p>Erkl\u00e4rung zur Barrierefreiheit Josmar Caravaning S.L. hat sich verpflichtet, ihre Websites gem\u00e4\u00df dem K\u00f6niglichen Dekret 1112\/2018 vom 7. September \u00fcber [&hellip;]<\/p>\n","protected":false},"author":1,"featured_media":0,"parent":0,"menu_order":0,"comment_status":"closed","ping_status":"closed","template":"","meta":{"site-sidebar-layout":"no-sidebar","site-content-layout":"","ast-site-content-layout":"full-width-container","site-content-style":"default","site-sidebar-style":"default","ast-global-header-display":"","ast-banner-title-visibility":"","ast-main-header-display":"","ast-hfb-above-header-display":"","ast-hfb-below-header-display":"","ast-hfb-mobile-header-display":"","site-post-title":"disabled","ast-breadcrumbs-content":"","ast-featured-img":"disabled","footer-sml-layout":"","theme-transparent-header-meta":"default","adv-header-id-meta":"","stick-header-meta":"","header-above-stick-meta":"","header-main-stick-meta":"","header-below-stick-meta":"","astra-migrate-meta-layouts":"default","ast-page-background-enabled":"default","ast-page-background-meta":{"desktop":{"background-color":"var(--ast-global-color-4)","background-image":"","background-repeat":"repeat","background-position":"center center","background-size":"auto","background-attachment":"scroll","background-type":"","background-media":"","overlay-type":"","overlay-color":"","overlay-gradient":""},"tablet":{"background-color":"","background-image":"","background-repeat":"repeat","background-position":"center center","background-size":"auto","background-attachment":"scroll","background-type":"","background-media":"","overlay-type":"","overlay-color":"","overlay-gradient":""},"mobile":{"background-color":"","background-image":"","background-repeat":"repeat","background-position":"center center","background-size":"auto","background-attachment":"scroll","background-type":"","background-media":"","overlay-type":"","overlay-color":"","overlay-gradient":""}},"ast-content-background-meta":{"desktop":{"background-color":"var(--ast-global-color-5)","background-image":"","background-repeat":"repeat","background-position":"center center","background-size":"auto","background-attachment":"scroll","background-type":"","background-media":"","overlay-type":"","overlay-color":"","overlay-gradient":""},"tablet":{"background-color":"var(--ast-global-color-5)","background-image":"","background-repeat":"repeat","background-position":"center center","background-size":"auto","background-attachment":"scroll","background-type":"","background-media":"","overlay-type":"","overlay-color":"","overlay-gradient":""},"mobile":{"background-color":"var(--ast-global-color-5)","background-image":"","background-repeat":"repeat","background-position":"center center","background-size":"auto","background-attachment":"scroll","background-type":"","background-media":"","overlay-type":"","overlay-color":"","overlay-gradient":""}},"footnotes":""},"yoast_head":"<!-- This site is optimized with the Yoast SEO plugin v21.9.1 - https:\/\/yoast.com\/wordpress\/plugins\/seo\/ -->\n<title>Erkl\u00e4rung zur Barrierefreiheit - Rent a car<\/title>\n<meta name=\"robots\" content=\"index, follow, max-snippet:-1, max-image-preview:large, max-video-preview:-1\" \/>\n<link rel=\"canonical\" href=\"https:\/\/rentacarjosmar.com\/de\/erklaerung-zur-barrierefreiheit\/\" \/>\n<meta property=\"og:locale\" content=\"de_DE\" \/>\n<meta property=\"og:type\" content=\"article\" \/>\n<meta property=\"og:title\" content=\"Erkl\u00e4rung zur Barrierefreiheit - Rent a car\" \/>\n<meta property=\"og:description\" content=\"Erkl\u00e4rung zur Barrierefreiheit Josmar Caravaning S.L. hat sich verpflichtet, ihre Websites gem\u00e4\u00df dem K\u00f6niglichen Dekret 1112\/2018 vom 7. September \u00fcber [&hellip;]\" \/>\n<meta property=\"og:url\" content=\"https:\/\/rentacarjosmar.com\/de\/erklaerung-zur-barrierefreiheit\/\" \/>\n<meta property=\"og:site_name\" content=\"Rent a car\" \/>\n<meta property=\"article:modified_time\" content=\"2024-02-21T12:53:55+00:00\" \/>\n<meta name=\"twitter:card\" content=\"summary_large_image\" \/>\n<meta name=\"twitter:label1\" content=\"Gesch\u00e4tzte Lesezeit\" \/>\n\t<meta name=\"twitter:data1\" content=\"2\u00a0Minuten\" \/>\n<script type=\"application\/ld+json\" class=\"yoast-schema-graph\">{\"@context\":\"https:\/\/schema.org\",\"@graph\":[{\"@type\":\"WebPage\",\"@id\":\"https:\/\/rentacarjosmar.com\/de\/erklaerung-zur-barrierefreiheit\/\",\"url\":\"https:\/\/rentacarjosmar.com\/de\/erklaerung-zur-barrierefreiheit\/\",\"name\":\"Erkl\u00e4rung zur Barrierefreiheit - Rent a car\",\"isPartOf\":{\"@id\":\"https:\/\/rentacarjosmar.com\/#website\"},\"datePublished\":\"2024-02-02T09:07:42+00:00\",\"dateModified\":\"2024-02-21T12:53:55+00:00\",\"breadcrumb\":{\"@id\":\"https:\/\/rentacarjosmar.com\/de\/erklaerung-zur-barrierefreiheit\/#breadcrumb\"},\"inLanguage\":\"de\",\"potentialAction\":[{\"@type\":\"ReadAction\",\"target\":[\"https:\/\/rentacarjosmar.com\/de\/erklaerung-zur-barrierefreiheit\/\"]}]},{\"@type\":\"BreadcrumbList\",\"@id\":\"https:\/\/rentacarjosmar.com\/de\/erklaerung-zur-barrierefreiheit\/#breadcrumb\",\"itemListElement\":[{\"@type\":\"ListItem\",\"position\":1,\"name\":\"Portada\",\"item\":\"https:\/\/rentacarjosmar.com\/\"},{\"@type\":\"ListItem\",\"position\":2,\"name\":\"Erkl\u00e4rung zur Barrierefreiheit\"}]},{\"@type\":\"WebSite\",\"@id\":\"https:\/\/rentacarjosmar.com\/#website\",\"url\":\"https:\/\/rentacarjosmar.com\/\",\"name\":\"Rent a car\",\"description\":\"Alquiler de coches en Castell\u00f3n\",\"publisher\":{\"@id\":\"https:\/\/rentacarjosmar.com\/#organization\"},\"potentialAction\":[{\"@type\":\"SearchAction\",\"target\":{\"@type\":\"EntryPoint\",\"urlTemplate\":\"https:\/\/rentacarjosmar.com\/?s={search_term_string}\"},\"query-input\":\"required name=search_term_string\"}],\"inLanguage\":\"de\"},{\"@type\":\"Organization\",\"@id\":\"https:\/\/rentacarjosmar.com\/#organization\",\"name\":\"Rent a car\",\"url\":\"https:\/\/rentacarjosmar.com\/\",\"logo\":{\"@type\":\"ImageObject\",\"inLanguage\":\"de\",\"@id\":\"https:\/\/rentacarjosmar.com\/#\/schema\/logo\/image\/\",\"url\":\"https:\/\/rentacarjosmar.com\/wp-content\/uploads\/2024\/01\/Rent-a-car-JOSMAR-01.png\",\"contentUrl\":\"https:\/\/rentacarjosmar.com\/wp-content\/uploads\/2024\/01\/Rent-a-car-JOSMAR-01.png\",\"width\":500,\"height\":200,\"caption\":\"Rent a car\"},\"image\":{\"@id\":\"https:\/\/rentacarjosmar.com\/#\/schema\/logo\/image\/\"}}]}<\/script>\n<!-- \/ Yoast SEO plugin. -->","yoast_head_json":{"title":"Erkl\u00e4rung zur Barrierefreiheit - Rent a car","robots":{"index":"index","follow":"follow","max-snippet":"max-snippet:-1","max-image-preview":"max-image-preview:large","max-video-preview":"max-video-preview:-1"},"canonical":"https:\/\/rentacarjosmar.com\/de\/erklaerung-zur-barrierefreiheit\/","og_locale":"de_DE","og_type":"article","og_title":"Erkl\u00e4rung zur Barrierefreiheit - Rent a car","og_description":"Erkl\u00e4rung zur Barrierefreiheit Josmar Caravaning S.L. hat sich verpflichtet, ihre Websites gem\u00e4\u00df dem K\u00f6niglichen Dekret 1112\/2018 vom 7. September \u00fcber [&hellip;]","og_url":"https:\/\/rentacarjosmar.com\/de\/erklaerung-zur-barrierefreiheit\/","og_site_name":"Rent a car","article_modified_time":"2024-02-21T12:53:55+00:00","twitter_card":"summary_large_image","twitter_misc":{"Gesch\u00e4tzte Lesezeit":"2\u00a0Minuten"},"schema":{"@context":"https:\/\/schema.org","@graph":[{"@type":"WebPage","@id":"https:\/\/rentacarjosmar.com\/de\/erklaerung-zur-barrierefreiheit\/","url":"https:\/\/rentacarjosmar.com\/de\/erklaerung-zur-barrierefreiheit\/","name":"Erkl\u00e4rung zur Barrierefreiheit - Rent a car","isPartOf":{"@id":"https:\/\/rentacarjosmar.com\/#website"},"datePublished":"2024-02-02T09:07:42+00:00","dateModified":"2024-02-21T12:53:55+00:00","breadcrumb":{"@id":"https:\/\/rentacarjosmar.com\/de\/erklaerung-zur-barrierefreiheit\/#breadcrumb"},"inLanguage":"de","potentialAction":[{"@type":"ReadAction","target":["https:\/\/rentacarjosmar.com\/de\/erklaerung-zur-barrierefreiheit\/"]}]},{"@type":"BreadcrumbList","@id":"https:\/\/rentacarjosmar.com\/de\/erklaerung-zur-barrierefreiheit\/#breadcrumb","itemListElement":[{"@type":"ListItem","position":1,"name":"Portada","item":"https:\/\/rentacarjosmar.com\/"},{"@type":"ListItem","position":2,"name":"Erkl\u00e4rung zur Barrierefreiheit"}]},{"@type":"WebSite","@id":"https:\/\/rentacarjosmar.com\/#website","url":"https:\/\/rentacarjosmar.com\/","name":"Rent a car","description":"Alquiler de coches en Castell\u00f3n","publisher":{"@id":"https:\/\/rentacarjosmar.com\/#organization"},"potentialAction":[{"@type":"SearchAction","target":{"@type":"EntryPoint","urlTemplate":"https:\/\/rentacarjosmar.com\/?s={search_term_string}"},"query-input":"required name=search_term_string"}],"inLanguage":"de"},{"@type":"Organization","@id":"https:\/\/rentacarjosmar.com\/#organization","name":"Rent a car","url":"https:\/\/rentacarjosmar.com\/","logo":{"@type":"ImageObject","inLanguage":"de","@id":"https:\/\/rentacarjosmar.com\/#\/schema\/logo\/image\/","url":"https:\/\/rentacarjosmar.com\/wp-content\/uploads\/2024\/01\/Rent-a-car-JOSMAR-01.png","contentUrl":"https:\/\/rentacarjosmar.com\/wp-content\/uploads\/2024\/01\/Rent-a-car-JOSMAR-01.png","width":500,"height":200,"caption":"Rent a car"},"image":{"@id":"https:\/\/rentacarjosmar.com\/#\/schema\/logo\/image\/"}}]}},"_links":{"self":[{"href":"https:\/\/rentacarjosmar.com\/de\/wp-json\/wp\/v2\/pages\/1225"}],"collection":[{"href":"https:\/\/rentacarjosmar.com\/de\/wp-json\/wp\/v2\/pages"}],"about":[{"href":"https:\/\/rentacarjosmar.com\/de\/wp-json\/wp\/v2\/types\/page"}],"author":[{"embeddable":true,"href":"https:\/\/rentacarjosmar.com\/de\/wp-json\/wp\/v2\/users\/1"}],"replies":[{"embeddable":true,"href":"https:\/\/rentacarjosmar.com\/de\/wp-json\/wp\/v2\/comments?post=1225"}],"version-history":[{"count":1,"href":"https:\/\/rentacarjosmar.com\/de\/wp-json\/wp\/v2\/pages\/1225\/revisions"}],"predecessor-version":[{"id":1226,"href":"https:\/\/rentacarjosmar.com\/de\/wp-json\/wp\/v2\/pages\/1225\/revisions\/1226"}],"wp:attachment":[{"href":"https:\/\/rentacarjosmar.com\/de\/wp-json\/wp\/v2\/media?parent=1225"}],"curies":[{"name":"wp","href":"https:\/\/api.w.org\/{rel}","templated":true}]}}