{"id":1227,"date":"2024-02-02T10:07:15","date_gmt":"2024-02-02T09:07:15","guid":{"rendered":"https:\/\/rentacarjosmar.com\/datenschutzrichtlinie\/"},"modified":"2024-02-21T14:17:40","modified_gmt":"2024-02-21T13:17:40","slug":"datenschutzrichtlinie","status":"publish","type":"page","link":"https:\/\/rentacarjosmar.com\/de\/datenschutzrichtlinie\/","title":{"rendered":"Datenschutzrichtlinie"},"content":{"rendered":"\t\t<div data-elementor-type=\"wp-page\" data-elementor-id=\"1227\" class=\"elementor elementor-1227 elementor-187\" data-elementor-post-type=\"page\">\n\t\t\t\t\t\t\t<div data-particle_enable=\"false\" data-particle-mobile-disabled=\"false\" class=\"elementor-element elementor-element-1345e41 e-flex e-con-boxed e-con e-parent\" data-id=\"1345e41\" data-element_type=\"container\" data-settings=\"{&quot;content_width&quot;:&quot;boxed&quot;}\" data-core-v316-plus=\"true\">\n\t\t\t\t\t<div class=\"e-con-inner\">\n\t\t\t\t<div class=\"elementor-element elementor-element-72c6c22 elementor-widget elementor-widget-heading\" data-id=\"72c6c22\" data-element_type=\"widget\" data-widget_type=\"heading.default\">\n\t\t\t\t<div class=\"elementor-widget-container\">\n\t\t\t<style>\/*! elementor - v3.18.0 - 20-12-2023 *\/\n.elementor-heading-title{padding:0;margin:0;line-height:1}.elementor-widget-heading .elementor-heading-title[class*=elementor-size-]>a{color:inherit;font-size:inherit;line-height:inherit}.elementor-widget-heading .elementor-heading-title.elementor-size-small{font-size:15px}.elementor-widget-heading .elementor-heading-title.elementor-size-medium{font-size:19px}.elementor-widget-heading .elementor-heading-title.elementor-size-large{font-size:29px}.elementor-widget-heading .elementor-heading-title.elementor-size-xl{font-size:39px}.elementor-widget-heading .elementor-heading-title.elementor-size-xxl{font-size:59px}<\/style><h2 class=\"elementor-heading-title elementor-size-default\">Datenschutzrichtlinie<\/h2>\t\t<\/div>\n\t\t\t\t<\/div>\n\t\t\t\t<div class=\"elementor-element elementor-element-4e4be65 elementor-widget-divider--view-line elementor-widget elementor-widget-divider\" data-id=\"4e4be65\" data-element_type=\"widget\" data-widget_type=\"divider.default\">\n\t\t\t\t<div class=\"elementor-widget-container\">\n\t\t\t<style>\/*! elementor - v3.18.0 - 20-12-2023 *\/\n.elementor-widget-divider{--divider-border-style:none;--divider-border-width:1px;--divider-color:#0c0d0e;--divider-icon-size:20px;--divider-element-spacing:10px;--divider-pattern-height:24px;--divider-pattern-size:20px;--divider-pattern-url:none;--divider-pattern-repeat:repeat-x}.elementor-widget-divider .elementor-divider{display:flex}.elementor-widget-divider .elementor-divider__text{font-size:15px;line-height:1;max-width:95%}.elementor-widget-divider .elementor-divider__element{margin:0 var(--divider-element-spacing);flex-shrink:0}.elementor-widget-divider .elementor-icon{font-size:var(--divider-icon-size)}.elementor-widget-divider .elementor-divider-separator{display:flex;margin:0;direction:ltr}.elementor-widget-divider--view-line_icon .elementor-divider-separator,.elementor-widget-divider--view-line_text .elementor-divider-separator{align-items:center}.elementor-widget-divider--view-line_icon .elementor-divider-separator:after,.elementor-widget-divider--view-line_icon .elementor-divider-separator:before,.elementor-widget-divider--view-line_text .elementor-divider-separator:after,.elementor-widget-divider--view-line_text .elementor-divider-separator:before{display:block;content:\"\";border-bottom:0;flex-grow:1;border-top:var(--divider-border-width) var(--divider-border-style) var(--divider-color)}.elementor-widget-divider--element-align-left .elementor-divider .elementor-divider-separator>.elementor-divider__svg:first-of-type{flex-grow:0;flex-shrink:100}.elementor-widget-divider--element-align-left .elementor-divider-separator:before{content:none}.elementor-widget-divider--element-align-left .elementor-divider__element{margin-left:0}.elementor-widget-divider--element-align-right .elementor-divider .elementor-divider-separator>.elementor-divider__svg:last-of-type{flex-grow:0;flex-shrink:100}.elementor-widget-divider--element-align-right .elementor-divider-separator:after{content:none}.elementor-widget-divider--element-align-right .elementor-divider__element{margin-right:0}.elementor-widget-divider:not(.elementor-widget-divider--view-line_text):not(.elementor-widget-divider--view-line_icon) .elementor-divider-separator{border-top:var(--divider-border-width) var(--divider-border-style) var(--divider-color)}.elementor-widget-divider--separator-type-pattern{--divider-border-style:none}.elementor-widget-divider--separator-type-pattern.elementor-widget-divider--view-line .elementor-divider-separator,.elementor-widget-divider--separator-type-pattern:not(.elementor-widget-divider--view-line) .elementor-divider-separator:after,.elementor-widget-divider--separator-type-pattern:not(.elementor-widget-divider--view-line) .elementor-divider-separator:before,.elementor-widget-divider--separator-type-pattern:not([class*=elementor-widget-divider--view]) .elementor-divider-separator{width:100%;min-height:var(--divider-pattern-height);-webkit-mask-size:var(--divider-pattern-size) 100%;mask-size:var(--divider-pattern-size) 100%;-webkit-mask-repeat:var(--divider-pattern-repeat);mask-repeat:var(--divider-pattern-repeat);background-color:var(--divider-color);-webkit-mask-image:var(--divider-pattern-url);mask-image:var(--divider-pattern-url)}.elementor-widget-divider--no-spacing{--divider-pattern-size:auto}.elementor-widget-divider--bg-round{--divider-pattern-repeat:round}.rtl .elementor-widget-divider .elementor-divider__text{direction:rtl}.e-con-inner>.elementor-widget-divider,.e-con>.elementor-widget-divider{width:var(--container-widget-width,100%);--flex-grow:var(--container-widget-flex-grow)}<\/style>\t\t<div class=\"elementor-divider\">\n\t\t\t<span class=\"elementor-divider-separator\">\n\t\t\t\t\t\t<\/span>\n\t\t<\/div>\n\t\t\t\t<\/div>\n\t\t\t\t<\/div>\n\t\t\t\t<div class=\"elementor-element elementor-element-7689a80 elementor-widget elementor-widget-text-editor\" data-id=\"7689a80\" data-element_type=\"widget\" data-widget_type=\"text-editor.default\">\n\t\t\t\t<div class=\"elementor-widget-container\">\n\t\t\t<style>\/*! elementor - v3.18.0 - 20-12-2023 *\/\n.elementor-widget-text-editor.elementor-drop-cap-view-stacked .elementor-drop-cap{background-color:#69727d;color:#fff}.elementor-widget-text-editor.elementor-drop-cap-view-framed .elementor-drop-cap{color:#69727d;border:3px solid;background-color:transparent}.elementor-widget-text-editor:not(.elementor-drop-cap-view-default) .elementor-drop-cap{margin-top:8px}.elementor-widget-text-editor:not(.elementor-drop-cap-view-default) .elementor-drop-cap-letter{width:1em;height:1em}.elementor-widget-text-editor .elementor-drop-cap{float:left;text-align:center;line-height:1;font-size:50px}.elementor-widget-text-editor .elementor-drop-cap-letter{display:inline-block}<\/style>\t\t\t\t<p>1. IDENTIFIKATION<\/p>\n<p>\u25cf Verantwortlich: Josmar Caravaning S.L.<br \/>\u25cf Gesch\u00e4ftssitz: Partida Pou Ample s\/n 12194 | Vall D&#8217;Alba (Castell\u00f3n)<br \/>\u25cf N.I.F: B12997045<\/p>\n<p>2. INFORMATION UND EINWILLIGUNG<br \/>Gem\u00e4\u00df den Bestimmungen des Organgesetzes 15\/1999 \u00fcber den Schutz personenbezogener Daten (im Folgenden &#8220;LOPD&#8221;) erkl\u00e4rt der Benutzer (im Folgenden &#8220;Benutzer&#8221;) durch die Annahme dieser Datenschutzrichtlinie seine informierte, ausdr\u00fcckliche, freie und eindeutige Zustimmung dazu, dass die \u00fcber die Website https:\/\/rentacarjosmar.com\/ (im Folgenden &#8220;Website&#8221;) gesammelten personenbezogenen Daten in eine Datei aufgenommen werden, die im Eigentum von Disfrutando por el mundo liegt und ordnungsgem\u00e4\u00df bei der Spanischen Agentur f\u00fcr Datenschutz registriert ist. Es wird gew\u00e4hrleistet, dass die erforderlichen Sicherheitsma\u00dfnahmen, sowohl organisatorische als auch technische, gem\u00e4\u00df dem K\u00f6niglichen Dekret 1720\/2007 (im Folgenden &#8220;RDLOPD&#8221;), angewandt wurden.<br \/>Alle vom Benutzer auf der Website angeforderten personenbezogenen Daten sind obligatorisch. Ohne diese Daten ist kein Zugriff oder keine Registrierung auf der Website m\u00f6glich.<br \/>Ebenso ist es erforderlich, dass der Benutzer, wenn personenbezogene Daten \u00fcber Formulare auf der Website im Rahmen der Gesch\u00e4ftst\u00e4tigkeit erhoben werden, zumindest diejenigen Daten angibt, die mit einem Sternchen gekennzeichnet sind. Ohne diese als notwendig erachteten Daten k\u00f6nnen wir dem Benutzer den Service auf der Website nicht bereitstellen.<br \/>Der Benutzer garantiert, dass die von Disfrutando por el mundo bereitgestellten personenbezogenen Daten wahr und korrekt sind. Daher \u00fcbernimmt Disfrutando por el mundo keine Verantwortung f\u00fcr etwaige Vorf\u00e4lle, die sich aus der Ungenauigkeit oder Falschheit der vom Benutzer bereitgestellten Informationen ergeben.<br \/>Der Benutzer, als alleiniger Verantwortlicher f\u00fcr die Datenverarbeitung, ist daf\u00fcr verantwortlich, alle geltenden Datenschutzbestimmungen einzuhalten. Dar\u00fcber hinaus akzeptiert der Benutzer, alle rechtlich erforderlichen Zustimmungen, Genehmigungen und\/oder Genehmigungen einzuholen, bevor er personenbezogene Daten auf der Website bereitstellt oder die Website nutzt.<br \/>Die personenbezogenen Daten des Benutzers oder Dritter, die vom Benutzer \u00fcber die Website \u00fcbermittelt werden, werden von Disfrutando por el mundo ausschlie\u00dflich zu folgenden Zwecken verarbeitet:<br \/>\u25cf Verwalten Sie die Registrierungen von Benutzern auf der Website.<br \/>\u25cf F\u00fchren Sie die Funktionen der Website durch, die zur Erbringung der angebotenen Dienstleistungen auf der Website bestimmt sind.<br \/>\u25cf Erf\u00fcllen Sie die gesetzlich festgelegten Verpflichtungen<br \/>In keinem Fall werden wir eine der folgenden Aktivit\u00e4ten durchf\u00fchren:<br \/>\u25cf Daten an andere Personen oder Einrichtungen weitergeben, ohne die vorherige Zustimmung der Benutzer.<br \/>\u25cf \u00dcbertragen Sie sie in andere Staaten, ohne die vorherige Zustimmung der Benutzer.<br \/>Der Benutzer garantiert, dass die bereitgestellten Daten wahr, genau, vollst\u00e4ndig und aktuell sind, und ist f\u00fcr jeglichen direkten oder indirekten Schaden verantwortlich, der durch die Nichteinhaltung dieser Verpflichtung entstehen k\u00f6nnte.<br \/>Falls die bereitgestellten Daten Dritten geh\u00f6ren, garantiert der Benutzer, dass er diese Dritten \u00fcber die in diesem Dokument enthaltenen Aspekte informiert und deren Zustimmung zur Bereitstellung ihrer Daten an den Verantwortlichen f\u00fcr die oben genannten Zwecke eingeholt hat.<br \/>Disfrutando por el mundo kann die absolute Unverwundbarkeit der Systeme nicht garantieren. Daher \u00fcbernimmt Disfrutando por el mundo keine Verantwortung f\u00fcr Sch\u00e4den, die durch \u00c4nderungen verursacht werden, die Dritte an Computersystemen, elektronischen Dokumenten oder Dateien vornehmen k\u00f6nnen.<\/p>\n<p>3. COOKIE-RICHTLINIE<br \/>Gem\u00e4\u00df den Bestimmungen des Organgesetzes 15\/1999 vom 13. Dezember \u00fcber den Schutz personenbezogener Daten und dem Gesetz 34\/2002 \u00fcber Dienste der Informationsgesellschaft werden alle personenbezogenen Daten, die w\u00e4hrend der Nutzung der Website durch Cookies gesammelt werden, gem\u00e4\u00df der Cookie-Richtlinie behandelt.<\/p>\n<p>4. AUS\u00dcBUNG VON RECHTEN<br \/>Gem\u00e4\u00df den Bestimmungen des LOPD informieren wir Sie dar\u00fcber, dass Sie Ihre Rechte auf Zugang, Berichtigung, L\u00f6schung und Widerspruch aus\u00fcben k\u00f6nnen, indem Sie dies schriftlich \u00fcber einen der folgenden Wege beantragen und in jedem Fall eine Kopie eines Identit\u00e4tsnachweises beif\u00fcgen und angeben, welches Recht oder welche Rechte Sie aus\u00fcben m\u00f6chten, direkt an Disfrutando por el mundo per E-Mail an: info@grupojosmar.es\/<\/p>\n<p>5. AKZEPTANZ DER DATENSCHUTZRICHTLINIE<br \/>Der Benutzer erkennt an und akzeptiert, die vorliegende Datenschutzrichtlinie gelesen und verstanden zu haben, deren Inhalt die gesamte Vereinbarung zwischen dem Benutzer und Disfrutando por el mundo bez\u00fcglich der Nutzung und Verarbeitung seiner pers\u00f6nlichen Informationen auf der Website darstellt.&#8221;<br \/>Der Benutzer akzeptiert ausdr\u00fccklich, sich in den Bedingungen dieser Datenschutzrichtlinie in ihrer gesamten Ausdehnung und Reichweite zu verpflichten, ohne Ausnahme einer ihrer Bestimmungen.<br \/>Zus\u00e4tzlich zu den Bestimmungen dieser Datenschutzrichtlinie verpflichtet sich der Benutzer, die Bestimmungen des Impressums einzuhalten.<br \/>Disfrutando por el mundo beh\u00e4lt sich das Recht vor, die Datenschutzrichtlinie zu aktualisieren und \u00c4nderungen vorzunehmen, auch ohne vorherige Benachrichtigung des Benutzers. Solche \u00c4nderungen werden zum Zeitpunkt ihrer Ver\u00f6ffentlichung auf der Website wirksam, wo sie dem Benutzer jederzeit zur Verf\u00fcgung stehen werden. In diesem Sinne empfehlen wir dem Benutzer, den Inhalt der Datenschutzrichtlinie regelm\u00e4\u00dfig zu \u00fcberpr\u00fcfen, um \u00fcber etwaige \u00c4nderungen informiert zu sein, die die Datenverarbeitung auf der Website betreffen.&#8221;<br \/>Letzte Aktualisierung: 01. Juni 2020.<\/p>\n\t\t\t\t\t\t<\/div>\n\t\t\t\t<\/div>\n\t\t\t\t\t<\/div>\n\t\t\t\t<\/div>\n\t\t\t\t\t\t\t<\/div>\n\t\t","protected":false},"excerpt":{"rendered":"<p>Datenschutzrichtlinie 1. IDENTIFIKATION \u25cf Verantwortlich: Josmar Caravaning S.L.\u25cf Gesch\u00e4ftssitz: Partida Pou Ample s\/n 12194 | Vall D&#8217;Alba (Castell\u00f3n)\u25cf N.I.F: B12997045 [&hellip;]<\/p>\n","protected":false},"author":1,"featured_media":0,"parent":0,"menu_order":0,"comment_status":"closed","ping_status":"closed","template":"","meta":{"site-sidebar-layout":"no-sidebar","site-content-layout":"","ast-site-content-layout":"full-width-container","site-content-style":"default","site-sidebar-style":"default","ast-global-header-display":"","ast-banner-title-visibility":"","ast-main-header-display":"","ast-hfb-above-header-display":"","ast-hfb-below-header-display":"","ast-hfb-mobile-header-display":"","site-post-title":"disabled","ast-breadcrumbs-content":"","ast-featured-img":"disabled","footer-sml-layout":"","theme-transparent-header-meta":"default","adv-header-id-meta":"","stick-header-meta":"","header-above-stick-meta":"","header-main-stick-meta":"","header-below-stick-meta":"","astra-migrate-meta-layouts":"default","ast-page-background-enabled":"default","ast-page-background-meta":{"desktop":{"background-color":"var(--ast-global-color-4)","background-image":"","background-repeat":"repeat","background-position":"center center","background-size":"auto","background-attachment":"scroll","background-type":"","background-media":"","overlay-type":"","overlay-color":"","overlay-gradient":""},"tablet":{"background-color":"","background-image":"","background-repeat":"repeat","background-position":"center center","background-size":"auto","background-attachment":"scroll","background-type":"","background-media":"","overlay-type":"","overlay-color":"","overlay-gradient":""},"mobile":{"background-color":"","background-image":"","background-repeat":"repeat","background-position":"center center","background-size":"auto","background-attachment":"scroll","background-type":"","background-media":"","overlay-type":"","overlay-color":"","overlay-gradient":""}},"ast-content-background-meta":{"desktop":{"background-color":"var(--ast-global-color-5)","background-image":"","background-repeat":"repeat","background-position":"center center","background-size":"auto","background-attachment":"scroll","background-type":"","background-media":"","overlay-type":"","overlay-color":"","overlay-gradient":""},"tablet":{"background-color":"var(--ast-global-color-5)","background-image":"","background-repeat":"repeat","background-position":"center center","background-size":"auto","background-attachment":"scroll","background-type":"","background-media":"","overlay-type":"","overlay-color":"","overlay-gradient":""},"mobile":{"background-color":"var(--ast-global-color-5)","background-image":"","background-repeat":"repeat","background-position":"center center","background-size":"auto","background-attachment":"scroll","background-type":"","background-media":"","overlay-type":"","overlay-color":"","overlay-gradient":""}},"footnotes":""},"yoast_head":"<!-- This site is optimized with the Yoast SEO plugin v21.9.1 - https:\/\/yoast.com\/wordpress\/plugins\/seo\/ -->\n<title>Datenschutzrichtlinie - Rent a car<\/title>\n<meta name=\"robots\" content=\"index, follow, max-snippet:-1, max-image-preview:large, max-video-preview:-1\" \/>\n<link rel=\"canonical\" href=\"https:\/\/rentacarjosmar.com\/de\/datenschutzrichtlinie\/\" \/>\n<meta property=\"og:locale\" content=\"de_DE\" \/>\n<meta property=\"og:type\" content=\"article\" \/>\n<meta property=\"og:title\" content=\"Datenschutzrichtlinie - Rent a car\" \/>\n<meta property=\"og:description\" content=\"Datenschutzrichtlinie 1. IDENTIFIKATION \u25cf Verantwortlich: Josmar Caravaning S.L.\u25cf Gesch\u00e4ftssitz: Partida Pou Ample s\/n 12194 | Vall D&#8217;Alba (Castell\u00f3n)\u25cf N.I.F: B12997045 [&hellip;]\" \/>\n<meta property=\"og:url\" content=\"https:\/\/rentacarjosmar.com\/de\/datenschutzrichtlinie\/\" \/>\n<meta property=\"og:site_name\" content=\"Rent a car\" \/>\n<meta property=\"article:modified_time\" content=\"2024-02-21T13:17:40+00:00\" \/>\n<meta name=\"twitter:card\" content=\"summary_large_image\" \/>\n<meta name=\"twitter:label1\" content=\"Gesch\u00e4tzte Lesezeit\" \/>\n\t<meta name=\"twitter:data1\" content=\"4\u00a0Minuten\" \/>\n<script type=\"application\/ld+json\" class=\"yoast-schema-graph\">{\"@context\":\"https:\/\/schema.org\",\"@graph\":[{\"@type\":\"WebPage\",\"@id\":\"https:\/\/rentacarjosmar.com\/de\/datenschutzrichtlinie\/\",\"url\":\"https:\/\/rentacarjosmar.com\/de\/datenschutzrichtlinie\/\",\"name\":\"Datenschutzrichtlinie - Rent a car\",\"isPartOf\":{\"@id\":\"https:\/\/rentacarjosmar.com\/#website\"},\"datePublished\":\"2024-02-02T09:07:15+00:00\",\"dateModified\":\"2024-02-21T13:17:40+00:00\",\"breadcrumb\":{\"@id\":\"https:\/\/rentacarjosmar.com\/de\/datenschutzrichtlinie\/#breadcrumb\"},\"inLanguage\":\"de\",\"potentialAction\":[{\"@type\":\"ReadAction\",\"target\":[\"https:\/\/rentacarjosmar.com\/de\/datenschutzrichtlinie\/\"]}]},{\"@type\":\"BreadcrumbList\",\"@id\":\"https:\/\/rentacarjosmar.com\/de\/datenschutzrichtlinie\/#breadcrumb\",\"itemListElement\":[{\"@type\":\"ListItem\",\"position\":1,\"name\":\"Portada\",\"item\":\"https:\/\/rentacarjosmar.com\/\"},{\"@type\":\"ListItem\",\"position\":2,\"name\":\"Datenschutzrichtlinie\"}]},{\"@type\":\"WebSite\",\"@id\":\"https:\/\/rentacarjosmar.com\/#website\",\"url\":\"https:\/\/rentacarjosmar.com\/\",\"name\":\"Rent a car\",\"description\":\"Alquiler de coches en Castell\u00f3n\",\"publisher\":{\"@id\":\"https:\/\/rentacarjosmar.com\/#organization\"},\"potentialAction\":[{\"@type\":\"SearchAction\",\"target\":{\"@type\":\"EntryPoint\",\"urlTemplate\":\"https:\/\/rentacarjosmar.com\/?s={search_term_string}\"},\"query-input\":\"required name=search_term_string\"}],\"inLanguage\":\"de\"},{\"@type\":\"Organization\",\"@id\":\"https:\/\/rentacarjosmar.com\/#organization\",\"name\":\"Rent a car\",\"url\":\"https:\/\/rentacarjosmar.com\/\",\"logo\":{\"@type\":\"ImageObject\",\"inLanguage\":\"de\",\"@id\":\"https:\/\/rentacarjosmar.com\/#\/schema\/logo\/image\/\",\"url\":\"https:\/\/rentacarjosmar.com\/wp-content\/uploads\/2024\/01\/Rent-a-car-JOSMAR-01.png\",\"contentUrl\":\"https:\/\/rentacarjosmar.com\/wp-content\/uploads\/2024\/01\/Rent-a-car-JOSMAR-01.png\",\"width\":500,\"height\":200,\"caption\":\"Rent a car\"},\"image\":{\"@id\":\"https:\/\/rentacarjosmar.com\/#\/schema\/logo\/image\/\"}}]}<\/script>\n<!-- \/ Yoast SEO plugin. -->","yoast_head_json":{"title":"Datenschutzrichtlinie - Rent a car","robots":{"index":"index","follow":"follow","max-snippet":"max-snippet:-1","max-image-preview":"max-image-preview:large","max-video-preview":"max-video-preview:-1"},"canonical":"https:\/\/rentacarjosmar.com\/de\/datenschutzrichtlinie\/","og_locale":"de_DE","og_type":"article","og_title":"Datenschutzrichtlinie - Rent a car","og_description":"Datenschutzrichtlinie 1. IDENTIFIKATION \u25cf Verantwortlich: Josmar Caravaning S.L.\u25cf Gesch\u00e4ftssitz: Partida Pou Ample s\/n 12194 | Vall D&#8217;Alba (Castell\u00f3n)\u25cf N.I.F: B12997045 [&hellip;]","og_url":"https:\/\/rentacarjosmar.com\/de\/datenschutzrichtlinie\/","og_site_name":"Rent a car","article_modified_time":"2024-02-21T13:17:40+00:00","twitter_card":"summary_large_image","twitter_misc":{"Gesch\u00e4tzte Lesezeit":"4\u00a0Minuten"},"schema":{"@context":"https:\/\/schema.org","@graph":[{"@type":"WebPage","@id":"https:\/\/rentacarjosmar.com\/de\/datenschutzrichtlinie\/","url":"https:\/\/rentacarjosmar.com\/de\/datenschutzrichtlinie\/","name":"Datenschutzrichtlinie - Rent a car","isPartOf":{"@id":"https:\/\/rentacarjosmar.com\/#website"},"datePublished":"2024-02-02T09:07:15+00:00","dateModified":"2024-02-21T13:17:40+00:00","breadcrumb":{"@id":"https:\/\/rentacarjosmar.com\/de\/datenschutzrichtlinie\/#breadcrumb"},"inLanguage":"de","potentialAction":[{"@type":"ReadAction","target":["https:\/\/rentacarjosmar.com\/de\/datenschutzrichtlinie\/"]}]},{"@type":"BreadcrumbList","@id":"https:\/\/rentacarjosmar.com\/de\/datenschutzrichtlinie\/#breadcrumb","itemListElement":[{"@type":"ListItem","position":1,"name":"Portada","item":"https:\/\/rentacarjosmar.com\/"},{"@type":"ListItem","position":2,"name":"Datenschutzrichtlinie"}]},{"@type":"WebSite","@id":"https:\/\/rentacarjosmar.com\/#website","url":"https:\/\/rentacarjosmar.com\/","name":"Rent a car","description":"Alquiler de coches en Castell\u00f3n","publisher":{"@id":"https:\/\/rentacarjosmar.com\/#organization"},"potentialAction":[{"@type":"SearchAction","target":{"@type":"EntryPoint","urlTemplate":"https:\/\/rentacarjosmar.com\/?s={search_term_string}"},"query-input":"required name=search_term_string"}],"inLanguage":"de"},{"@type":"Organization","@id":"https:\/\/rentacarjosmar.com\/#organization","name":"Rent a car","url":"https:\/\/rentacarjosmar.com\/","logo":{"@type":"ImageObject","inLanguage":"de","@id":"https:\/\/rentacarjosmar.com\/#\/schema\/logo\/image\/","url":"https:\/\/rentacarjosmar.com\/wp-content\/uploads\/2024\/01\/Rent-a-car-JOSMAR-01.png","contentUrl":"https:\/\/rentacarjosmar.com\/wp-content\/uploads\/2024\/01\/Rent-a-car-JOSMAR-01.png","width":500,"height":200,"caption":"Rent a car"},"image":{"@id":"https:\/\/rentacarjosmar.com\/#\/schema\/logo\/image\/"}}]}},"_links":{"self":[{"href":"https:\/\/rentacarjosmar.com\/de\/wp-json\/wp\/v2\/pages\/1227"}],"collection":[{"href":"https:\/\/rentacarjosmar.com\/de\/wp-json\/wp\/v2\/pages"}],"about":[{"href":"https:\/\/rentacarjosmar.com\/de\/wp-json\/wp\/v2\/types\/page"}],"author":[{"embeddable":true,"href":"https:\/\/rentacarjosmar.com\/de\/wp-json\/wp\/v2\/users\/1"}],"replies":[{"embeddable":true,"href":"https:\/\/rentacarjosmar.com\/de\/wp-json\/wp\/v2\/comments?post=1227"}],"version-history":[{"count":1,"href":"https:\/\/rentacarjosmar.com\/de\/wp-json\/wp\/v2\/pages\/1227\/revisions"}],"predecessor-version":[{"id":1228,"href":"https:\/\/rentacarjosmar.com\/de\/wp-json\/wp\/v2\/pages\/1227\/revisions\/1228"}],"wp:attachment":[{"href":"https:\/\/rentacarjosmar.com\/de\/wp-json\/wp\/v2\/media?parent=1227"}],"curies":[{"name":"wp","href":"https:\/\/api.w.org\/{rel}","templated":true}]}}