{"id":1229,"date":"2024-02-08T12:25:27","date_gmt":"2024-02-08T11:25:27","guid":{"rendered":"https:\/\/rentacarjosmar.com\/bedingungen\/"},"modified":"2024-02-21T14:27:12","modified_gmt":"2024-02-21T13:27:12","slug":"bedingungen","status":"publish","type":"page","link":"https:\/\/rentacarjosmar.com\/de\/bedingungen\/","title":{"rendered":"Bedingungen"},"content":{"rendered":"\t\t<div data-elementor-type=\"wp-page\" data-elementor-id=\"1229\" class=\"elementor elementor-1229 elementor-706\" data-elementor-post-type=\"page\">\n\t\t\t\t\t\t\t<div data-particle_enable=\"false\" data-particle-mobile-disabled=\"false\" class=\"elementor-element elementor-element-5c8e383 e-flex e-con-boxed e-con e-parent\" data-id=\"5c8e383\" data-element_type=\"container\" data-settings=\"{&quot;content_width&quot;:&quot;boxed&quot;}\" data-core-v316-plus=\"true\">\n\t\t\t\t\t<div class=\"e-con-inner\">\n\t\t\t\t<div class=\"elementor-element elementor-element-fb81fbe elementor-widget elementor-widget-heading\" data-id=\"fb81fbe\" data-element_type=\"widget\" data-widget_type=\"heading.default\">\n\t\t\t\t<div class=\"elementor-widget-container\">\n\t\t\t<style>\/*! elementor - v3.18.0 - 20-12-2023 *\/\n.elementor-heading-title{padding:0;margin:0;line-height:1}.elementor-widget-heading .elementor-heading-title[class*=elementor-size-]>a{color:inherit;font-size:inherit;line-height:inherit}.elementor-widget-heading .elementor-heading-title.elementor-size-small{font-size:15px}.elementor-widget-heading .elementor-heading-title.elementor-size-medium{font-size:19px}.elementor-widget-heading .elementor-heading-title.elementor-size-large{font-size:29px}.elementor-widget-heading .elementor-heading-title.elementor-size-xl{font-size:39px}.elementor-widget-heading .elementor-heading-title.elementor-size-xxl{font-size:59px}<\/style><h2 class=\"elementor-heading-title elementor-size-default\">Bedingungen<\/h2>\t\t<\/div>\n\t\t\t\t<\/div>\n\t\t\t\t<div class=\"elementor-element elementor-element-7710f3a elementor-widget-divider--view-line elementor-widget elementor-widget-divider\" data-id=\"7710f3a\" data-element_type=\"widget\" data-widget_type=\"divider.default\">\n\t\t\t\t<div class=\"elementor-widget-container\">\n\t\t\t<style>\/*! elementor - v3.18.0 - 20-12-2023 *\/\n.elementor-widget-divider{--divider-border-style:none;--divider-border-width:1px;--divider-color:#0c0d0e;--divider-icon-size:20px;--divider-element-spacing:10px;--divider-pattern-height:24px;--divider-pattern-size:20px;--divider-pattern-url:none;--divider-pattern-repeat:repeat-x}.elementor-widget-divider .elementor-divider{display:flex}.elementor-widget-divider .elementor-divider__text{font-size:15px;line-height:1;max-width:95%}.elementor-widget-divider .elementor-divider__element{margin:0 var(--divider-element-spacing);flex-shrink:0}.elementor-widget-divider .elementor-icon{font-size:var(--divider-icon-size)}.elementor-widget-divider .elementor-divider-separator{display:flex;margin:0;direction:ltr}.elementor-widget-divider--view-line_icon .elementor-divider-separator,.elementor-widget-divider--view-line_text .elementor-divider-separator{align-items:center}.elementor-widget-divider--view-line_icon .elementor-divider-separator:after,.elementor-widget-divider--view-line_icon .elementor-divider-separator:before,.elementor-widget-divider--view-line_text .elementor-divider-separator:after,.elementor-widget-divider--view-line_text .elementor-divider-separator:before{display:block;content:\"\";border-bottom:0;flex-grow:1;border-top:var(--divider-border-width) var(--divider-border-style) var(--divider-color)}.elementor-widget-divider--element-align-left .elementor-divider .elementor-divider-separator>.elementor-divider__svg:first-of-type{flex-grow:0;flex-shrink:100}.elementor-widget-divider--element-align-left .elementor-divider-separator:before{content:none}.elementor-widget-divider--element-align-left .elementor-divider__element{margin-left:0}.elementor-widget-divider--element-align-right .elementor-divider .elementor-divider-separator>.elementor-divider__svg:last-of-type{flex-grow:0;flex-shrink:100}.elementor-widget-divider--element-align-right .elementor-divider-separator:after{content:none}.elementor-widget-divider--element-align-right .elementor-divider__element{margin-right:0}.elementor-widget-divider:not(.elementor-widget-divider--view-line_text):not(.elementor-widget-divider--view-line_icon) .elementor-divider-separator{border-top:var(--divider-border-width) var(--divider-border-style) var(--divider-color)}.elementor-widget-divider--separator-type-pattern{--divider-border-style:none}.elementor-widget-divider--separator-type-pattern.elementor-widget-divider--view-line .elementor-divider-separator,.elementor-widget-divider--separator-type-pattern:not(.elementor-widget-divider--view-line) .elementor-divider-separator:after,.elementor-widget-divider--separator-type-pattern:not(.elementor-widget-divider--view-line) .elementor-divider-separator:before,.elementor-widget-divider--separator-type-pattern:not([class*=elementor-widget-divider--view]) .elementor-divider-separator{width:100%;min-height:var(--divider-pattern-height);-webkit-mask-size:var(--divider-pattern-size) 100%;mask-size:var(--divider-pattern-size) 100%;-webkit-mask-repeat:var(--divider-pattern-repeat);mask-repeat:var(--divider-pattern-repeat);background-color:var(--divider-color);-webkit-mask-image:var(--divider-pattern-url);mask-image:var(--divider-pattern-url)}.elementor-widget-divider--no-spacing{--divider-pattern-size:auto}.elementor-widget-divider--bg-round{--divider-pattern-repeat:round}.rtl .elementor-widget-divider .elementor-divider__text{direction:rtl}.e-con-inner>.elementor-widget-divider,.e-con>.elementor-widget-divider{width:var(--container-widget-width,100%);--flex-grow:var(--container-widget-flex-grow)}<\/style>\t\t<div class=\"elementor-divider\">\n\t\t\t<span class=\"elementor-divider-separator\">\n\t\t\t\t\t\t<\/span>\n\t\t<\/div>\n\t\t\t\t<\/div>\n\t\t\t\t<\/div>\n\t\t\t\t<div class=\"elementor-element elementor-element-6d8bcfc elementor-widget elementor-widget-text-editor\" data-id=\"6d8bcfc\" data-element_type=\"widget\" data-widget_type=\"text-editor.default\">\n\t\t\t\t<div class=\"elementor-widget-container\">\n\t\t\t<style>\/*! elementor - v3.18.0 - 20-12-2023 *\/\n.elementor-widget-text-editor.elementor-drop-cap-view-stacked .elementor-drop-cap{background-color:#69727d;color:#fff}.elementor-widget-text-editor.elementor-drop-cap-view-framed .elementor-drop-cap{color:#69727d;border:3px solid;background-color:transparent}.elementor-widget-text-editor:not(.elementor-drop-cap-view-default) .elementor-drop-cap{margin-top:8px}.elementor-widget-text-editor:not(.elementor-drop-cap-view-default) .elementor-drop-cap-letter{width:1em;height:1em}.elementor-widget-text-editor .elementor-drop-cap{float:left;text-align:center;line-height:1;font-size:50px}.elementor-widget-text-editor .elementor-drop-cap-letter{display:inline-block}<\/style>\t\t\t\t<p>Das Mindestalter f\u00fcr die Anmietung eines Fahrzeugs betr\u00e4gt 25 Jahre, mit mindestens 1 Jahr Fahrerfahrung. Allerdings bieten wir auch die M\u00f6glichkeit zur Anmietung f\u00fcr Personen unter 23 Jahren gegen einen Aufpreis an. Die Mindestmietdauer betr\u00e4gt 24 Stunden, mit Ausnahme von Halbtagesmieten. Die Tage werden in 24-Stunden-Zeitr\u00e4umen abgerechnet, mit einer Toleranz von 1 Stunde ab dem Zeitpunkt, an dem das Fahrzeug abgeholt wird. Andernfalls wird ein zus\u00e4tzlicher Miettag berechnet.<\/p>\n<p>Die Zahlung muss mit einer Kreditkarte erfolgen. In speziellen F\u00e4llen ist auch die Zahlung mit einer Debitkarte m\u00f6glich, sofern eine Kaution als Sicherheit hinterlegt wird. Bei der Anmietung m\u00fcssen ein g\u00fcltiger Personalausweis oder Reisepass sowie ein g\u00fcltiger F\u00fchrerschein in Spanien vorgelegt werden.<\/p>\n<p>Alle unsere Fahrzeuge werden mit vollem Tank ausgeliefert, mit Ausnahme einiger Ausnahmen, damit Sie Ihre Reise ohne zus\u00e4tzliche Verz\u00f6gerungen beginnen k\u00f6nnen. Bei der R\u00fcckgabe des Fahrzeugs muss der Tank vollst\u00e4ndig gef\u00fcllt sein. Andernfalls wird eine Geb\u00fchr f\u00fcr den fehlenden Kraftstoff sowie eine Aufstockungsgeb\u00fchr erhoben.<\/p>\n<p>Unsere Preise beinhalten eine Kilometerbegrenzung pro Tag. Jede \u00dcberschreitung dieser Grenze wird entsprechend dem Fahrzeugtyp in Rechnung gestellt. Um Ihnen den besten Preis anzubieten, geben Sie uns bitte eine grobe Sch\u00e4tzung der Kilometer an, die Sie planen zur\u00fcckzulegen.<\/p>\n<p>Die Fahrzeuge von Rent a Car Josmar d\u00fcrfen ausschlie\u00dflich auf dem spanischen Festland gefahren werden. Um alle Bedingungen zu erfahren, lesen Sie bitte unsere allgemeinen Mietbedingungen, die in unseren B\u00fcros erh\u00e4ltlich sind.<\/p>\n<p>F\u00fcr weitere Fragen oder Anfragen z\u00f6gern Sie nicht, uns \u00fcber unser Online-Formular oder per E-Mail unter info@grupojosmar.es zu kontaktieren. Um eine PDF-Version herunterzuladen, klicken Sie bitte hier.<\/p>\n\t\t\t\t\t\t<\/div>\n\t\t\t\t<\/div>\n\t\t\t\t\t<\/div>\n\t\t\t\t<\/div>\n\t\t\t\t\t\t\t<\/div>\n\t\t","protected":false},"excerpt":{"rendered":"<p>Bedingungen Das Mindestalter f\u00fcr die Anmietung eines Fahrzeugs betr\u00e4gt 25 Jahre, mit mindestens 1 Jahr Fahrerfahrung. Allerdings bieten wir auch [&hellip;]<\/p>\n","protected":false},"author":1,"featured_media":0,"parent":0,"menu_order":0,"comment_status":"closed","ping_status":"closed","template":"","meta":{"site-sidebar-layout":"no-sidebar","site-content-layout":"","ast-site-content-layout":"full-width-container","site-content-style":"default","site-sidebar-style":"default","ast-global-header-display":"","ast-banner-title-visibility":"","ast-main-header-display":"","ast-hfb-above-header-display":"","ast-hfb-below-header-display":"","ast-hfb-mobile-header-display":"","site-post-title":"disabled","ast-breadcrumbs-content":"","ast-featured-img":"disabled","footer-sml-layout":"","theme-transparent-header-meta":"default","adv-header-id-meta":"","stick-header-meta":"","header-above-stick-meta":"","header-main-stick-meta":"","header-below-stick-meta":"","astra-migrate-meta-layouts":"default","ast-page-background-enabled":"default","ast-page-background-meta":{"desktop":{"background-color":"var(--ast-global-color-4)","background-image":"","background-repeat":"repeat","background-position":"center center","background-size":"auto","background-attachment":"scroll","background-type":"","background-media":"","overlay-type":"","overlay-color":"","overlay-gradient":""},"tablet":{"background-color":"","background-image":"","background-repeat":"repeat","background-position":"center center","background-size":"auto","background-attachment":"scroll","background-type":"","background-media":"","overlay-type":"","overlay-color":"","overlay-gradient":""},"mobile":{"background-color":"","background-image":"","background-repeat":"repeat","background-position":"center center","background-size":"auto","background-attachment":"scroll","background-type":"","background-media":"","overlay-type":"","overlay-color":"","overlay-gradient":""}},"ast-content-background-meta":{"desktop":{"background-color":"var(--ast-global-color-5)","background-image":"","background-repeat":"repeat","background-position":"center center","background-size":"auto","background-attachment":"scroll","background-type":"","background-media":"","overlay-type":"","overlay-color":"","overlay-gradient":""},"tablet":{"background-color":"var(--ast-global-color-5)","background-image":"","background-repeat":"repeat","background-position":"center center","background-size":"auto","background-attachment":"scroll","background-type":"","background-media":"","overlay-type":"","overlay-color":"","overlay-gradient":""},"mobile":{"background-color":"var(--ast-global-color-5)","background-image":"","background-repeat":"repeat","background-position":"center center","background-size":"auto","background-attachment":"scroll","background-type":"","background-media":"","overlay-type":"","overlay-color":"","overlay-gradient":""}},"footnotes":""},"yoast_head":"<!-- This site is optimized with the Yoast SEO plugin v21.9.1 - https:\/\/yoast.com\/wordpress\/plugins\/seo\/ -->\n<title>Bedingungen - Rent a car<\/title>\n<meta name=\"robots\" content=\"index, follow, max-snippet:-1, max-image-preview:large, max-video-preview:-1\" \/>\n<link rel=\"canonical\" href=\"https:\/\/rentacarjosmar.com\/de\/bedingungen\/\" \/>\n<meta property=\"og:locale\" content=\"de_DE\" \/>\n<meta property=\"og:type\" content=\"article\" \/>\n<meta property=\"og:title\" content=\"Bedingungen - Rent a car\" \/>\n<meta property=\"og:description\" content=\"Bedingungen Das Mindestalter f\u00fcr die Anmietung eines Fahrzeugs betr\u00e4gt 25 Jahre, mit mindestens 1 Jahr Fahrerfahrung. Allerdings bieten wir auch [&hellip;]\" \/>\n<meta property=\"og:url\" content=\"https:\/\/rentacarjosmar.com\/de\/bedingungen\/\" \/>\n<meta property=\"og:site_name\" content=\"Rent a car\" \/>\n<meta property=\"article:modified_time\" content=\"2024-02-21T13:27:12+00:00\" \/>\n<meta name=\"twitter:card\" content=\"summary_large_image\" \/>\n<meta name=\"twitter:label1\" content=\"Gesch\u00e4tzte Lesezeit\" \/>\n\t<meta name=\"twitter:data1\" content=\"1\u00a0Minute\" \/>\n<script type=\"application\/ld+json\" class=\"yoast-schema-graph\">{\"@context\":\"https:\/\/schema.org\",\"@graph\":[{\"@type\":\"WebPage\",\"@id\":\"https:\/\/rentacarjosmar.com\/de\/bedingungen\/\",\"url\":\"https:\/\/rentacarjosmar.com\/de\/bedingungen\/\",\"name\":\"Bedingungen - Rent a car\",\"isPartOf\":{\"@id\":\"https:\/\/rentacarjosmar.com\/#website\"},\"datePublished\":\"2024-02-08T11:25:27+00:00\",\"dateModified\":\"2024-02-21T13:27:12+00:00\",\"breadcrumb\":{\"@id\":\"https:\/\/rentacarjosmar.com\/de\/bedingungen\/#breadcrumb\"},\"inLanguage\":\"de\",\"potentialAction\":[{\"@type\":\"ReadAction\",\"target\":[\"https:\/\/rentacarjosmar.com\/de\/bedingungen\/\"]}]},{\"@type\":\"BreadcrumbList\",\"@id\":\"https:\/\/rentacarjosmar.com\/de\/bedingungen\/#breadcrumb\",\"itemListElement\":[{\"@type\":\"ListItem\",\"position\":1,\"name\":\"Portada\",\"item\":\"https:\/\/rentacarjosmar.com\/\"},{\"@type\":\"ListItem\",\"position\":2,\"name\":\"Bedingungen\"}]},{\"@type\":\"WebSite\",\"@id\":\"https:\/\/rentacarjosmar.com\/#website\",\"url\":\"https:\/\/rentacarjosmar.com\/\",\"name\":\"Rent a car\",\"description\":\"Alquiler de coches en Castell\u00f3n\",\"publisher\":{\"@id\":\"https:\/\/rentacarjosmar.com\/#organization\"},\"potentialAction\":[{\"@type\":\"SearchAction\",\"target\":{\"@type\":\"EntryPoint\",\"urlTemplate\":\"https:\/\/rentacarjosmar.com\/?s={search_term_string}\"},\"query-input\":\"required name=search_term_string\"}],\"inLanguage\":\"de\"},{\"@type\":\"Organization\",\"@id\":\"https:\/\/rentacarjosmar.com\/#organization\",\"name\":\"Rent a car\",\"url\":\"https:\/\/rentacarjosmar.com\/\",\"logo\":{\"@type\":\"ImageObject\",\"inLanguage\":\"de\",\"@id\":\"https:\/\/rentacarjosmar.com\/#\/schema\/logo\/image\/\",\"url\":\"https:\/\/rentacarjosmar.com\/wp-content\/uploads\/2024\/01\/Rent-a-car-JOSMAR-01.png\",\"contentUrl\":\"https:\/\/rentacarjosmar.com\/wp-content\/uploads\/2024\/01\/Rent-a-car-JOSMAR-01.png\",\"width\":500,\"height\":200,\"caption\":\"Rent a car\"},\"image\":{\"@id\":\"https:\/\/rentacarjosmar.com\/#\/schema\/logo\/image\/\"}}]}<\/script>\n<!-- \/ Yoast SEO plugin. -->","yoast_head_json":{"title":"Bedingungen - Rent a car","robots":{"index":"index","follow":"follow","max-snippet":"max-snippet:-1","max-image-preview":"max-image-preview:large","max-video-preview":"max-video-preview:-1"},"canonical":"https:\/\/rentacarjosmar.com\/de\/bedingungen\/","og_locale":"de_DE","og_type":"article","og_title":"Bedingungen - Rent a car","og_description":"Bedingungen Das Mindestalter f\u00fcr die Anmietung eines Fahrzeugs betr\u00e4gt 25 Jahre, mit mindestens 1 Jahr Fahrerfahrung. Allerdings bieten wir auch [&hellip;]","og_url":"https:\/\/rentacarjosmar.com\/de\/bedingungen\/","og_site_name":"Rent a car","article_modified_time":"2024-02-21T13:27:12+00:00","twitter_card":"summary_large_image","twitter_misc":{"Gesch\u00e4tzte Lesezeit":"1\u00a0Minute"},"schema":{"@context":"https:\/\/schema.org","@graph":[{"@type":"WebPage","@id":"https:\/\/rentacarjosmar.com\/de\/bedingungen\/","url":"https:\/\/rentacarjosmar.com\/de\/bedingungen\/","name":"Bedingungen - Rent a car","isPartOf":{"@id":"https:\/\/rentacarjosmar.com\/#website"},"datePublished":"2024-02-08T11:25:27+00:00","dateModified":"2024-02-21T13:27:12+00:00","breadcrumb":{"@id":"https:\/\/rentacarjosmar.com\/de\/bedingungen\/#breadcrumb"},"inLanguage":"de","potentialAction":[{"@type":"ReadAction","target":["https:\/\/rentacarjosmar.com\/de\/bedingungen\/"]}]},{"@type":"BreadcrumbList","@id":"https:\/\/rentacarjosmar.com\/de\/bedingungen\/#breadcrumb","itemListElement":[{"@type":"ListItem","position":1,"name":"Portada","item":"https:\/\/rentacarjosmar.com\/"},{"@type":"ListItem","position":2,"name":"Bedingungen"}]},{"@type":"WebSite","@id":"https:\/\/rentacarjosmar.com\/#website","url":"https:\/\/rentacarjosmar.com\/","name":"Rent a car","description":"Alquiler de coches en Castell\u00f3n","publisher":{"@id":"https:\/\/rentacarjosmar.com\/#organization"},"potentialAction":[{"@type":"SearchAction","target":{"@type":"EntryPoint","urlTemplate":"https:\/\/rentacarjosmar.com\/?s={search_term_string}"},"query-input":"required name=search_term_string"}],"inLanguage":"de"},{"@type":"Organization","@id":"https:\/\/rentacarjosmar.com\/#organization","name":"Rent a car","url":"https:\/\/rentacarjosmar.com\/","logo":{"@type":"ImageObject","inLanguage":"de","@id":"https:\/\/rentacarjosmar.com\/#\/schema\/logo\/image\/","url":"https:\/\/rentacarjosmar.com\/wp-content\/uploads\/2024\/01\/Rent-a-car-JOSMAR-01.png","contentUrl":"https:\/\/rentacarjosmar.com\/wp-content\/uploads\/2024\/01\/Rent-a-car-JOSMAR-01.png","width":500,"height":200,"caption":"Rent a car"},"image":{"@id":"https:\/\/rentacarjosmar.com\/#\/schema\/logo\/image\/"}}]}},"_links":{"self":[{"href":"https:\/\/rentacarjosmar.com\/de\/wp-json\/wp\/v2\/pages\/1229"}],"collection":[{"href":"https:\/\/rentacarjosmar.com\/de\/wp-json\/wp\/v2\/pages"}],"about":[{"href":"https:\/\/rentacarjosmar.com\/de\/wp-json\/wp\/v2\/types\/page"}],"author":[{"embeddable":true,"href":"https:\/\/rentacarjosmar.com\/de\/wp-json\/wp\/v2\/users\/1"}],"replies":[{"embeddable":true,"href":"https:\/\/rentacarjosmar.com\/de\/wp-json\/wp\/v2\/comments?post=1229"}],"version-history":[{"count":1,"href":"https:\/\/rentacarjosmar.com\/de\/wp-json\/wp\/v2\/pages\/1229\/revisions"}],"predecessor-version":[{"id":1230,"href":"https:\/\/rentacarjosmar.com\/de\/wp-json\/wp\/v2\/pages\/1229\/revisions\/1230"}],"wp:attachment":[{"href":"https:\/\/rentacarjosmar.com\/de\/wp-json\/wp\/v2\/media?parent=1229"}],"curies":[{"name":"wp","href":"https:\/\/api.w.org\/{rel}","templated":true}]}}