{"id":1452,"date":"2024-02-02T10:07:00","date_gmt":"2024-02-02T09:07:00","guid":{"rendered":"https:\/\/rentacarjosmar.com\/rechtlicher-hinweis\/"},"modified":"2024-02-22T11:16:58","modified_gmt":"2024-02-22T10:16:58","slug":"rechtlicher-hinweis","status":"publish","type":"page","link":"https:\/\/rentacarjosmar.com\/de\/rechtlicher-hinweis\/","title":{"rendered":"Rechtlicher Hinweis"},"content":{"rendered":"\t\t<div data-elementor-type=\"wp-page\" data-elementor-id=\"1452\" class=\"elementor elementor-1452 elementor-185\" data-elementor-post-type=\"page\">\n\t\t\t\t\t\t\t<div data-particle_enable=\"false\" data-particle-mobile-disabled=\"false\" class=\"elementor-element elementor-element-0a7ee53 e-flex e-con-boxed e-con e-parent\" data-id=\"0a7ee53\" data-element_type=\"container\" data-settings=\"{&quot;content_width&quot;:&quot;boxed&quot;}\" data-core-v316-plus=\"true\">\n\t\t\t\t\t<div class=\"e-con-inner\">\n\t\t\t\t<div class=\"elementor-element elementor-element-d361a91 elementor-widget elementor-widget-heading\" data-id=\"d361a91\" data-element_type=\"widget\" data-widget_type=\"heading.default\">\n\t\t\t\t<div class=\"elementor-widget-container\">\n\t\t\t<style>\/*! elementor - v3.18.0 - 20-12-2023 *\/\n.elementor-heading-title{padding:0;margin:0;line-height:1}.elementor-widget-heading .elementor-heading-title[class*=elementor-size-]>a{color:inherit;font-size:inherit;line-height:inherit}.elementor-widget-heading .elementor-heading-title.elementor-size-small{font-size:15px}.elementor-widget-heading .elementor-heading-title.elementor-size-medium{font-size:19px}.elementor-widget-heading .elementor-heading-title.elementor-size-large{font-size:29px}.elementor-widget-heading .elementor-heading-title.elementor-size-xl{font-size:39px}.elementor-widget-heading .elementor-heading-title.elementor-size-xxl{font-size:59px}<\/style><h2 class=\"elementor-heading-title elementor-size-default\">Rechtlicher Hinweis<\/h2>\t\t<\/div>\n\t\t\t\t<\/div>\n\t\t\t\t<div class=\"elementor-element elementor-element-77c59d5 elementor-widget-divider--view-line elementor-widget elementor-widget-divider\" data-id=\"77c59d5\" data-element_type=\"widget\" data-widget_type=\"divider.default\">\n\t\t\t\t<div class=\"elementor-widget-container\">\n\t\t\t<style>\/*! elementor - v3.18.0 - 20-12-2023 *\/\n.elementor-widget-divider{--divider-border-style:none;--divider-border-width:1px;--divider-color:#0c0d0e;--divider-icon-size:20px;--divider-element-spacing:10px;--divider-pattern-height:24px;--divider-pattern-size:20px;--divider-pattern-url:none;--divider-pattern-repeat:repeat-x}.elementor-widget-divider .elementor-divider{display:flex}.elementor-widget-divider .elementor-divider__text{font-size:15px;line-height:1;max-width:95%}.elementor-widget-divider .elementor-divider__element{margin:0 var(--divider-element-spacing);flex-shrink:0}.elementor-widget-divider .elementor-icon{font-size:var(--divider-icon-size)}.elementor-widget-divider .elementor-divider-separator{display:flex;margin:0;direction:ltr}.elementor-widget-divider--view-line_icon .elementor-divider-separator,.elementor-widget-divider--view-line_text .elementor-divider-separator{align-items:center}.elementor-widget-divider--view-line_icon .elementor-divider-separator:after,.elementor-widget-divider--view-line_icon .elementor-divider-separator:before,.elementor-widget-divider--view-line_text .elementor-divider-separator:after,.elementor-widget-divider--view-line_text .elementor-divider-separator:before{display:block;content:\"\";border-bottom:0;flex-grow:1;border-top:var(--divider-border-width) var(--divider-border-style) var(--divider-color)}.elementor-widget-divider--element-align-left .elementor-divider .elementor-divider-separator>.elementor-divider__svg:first-of-type{flex-grow:0;flex-shrink:100}.elementor-widget-divider--element-align-left .elementor-divider-separator:before{content:none}.elementor-widget-divider--element-align-left .elementor-divider__element{margin-left:0}.elementor-widget-divider--element-align-right .elementor-divider .elementor-divider-separator>.elementor-divider__svg:last-of-type{flex-grow:0;flex-shrink:100}.elementor-widget-divider--element-align-right .elementor-divider-separator:after{content:none}.elementor-widget-divider--element-align-right .elementor-divider__element{margin-right:0}.elementor-widget-divider:not(.elementor-widget-divider--view-line_text):not(.elementor-widget-divider--view-line_icon) .elementor-divider-separator{border-top:var(--divider-border-width) var(--divider-border-style) var(--divider-color)}.elementor-widget-divider--separator-type-pattern{--divider-border-style:none}.elementor-widget-divider--separator-type-pattern.elementor-widget-divider--view-line .elementor-divider-separator,.elementor-widget-divider--separator-type-pattern:not(.elementor-widget-divider--view-line) .elementor-divider-separator:after,.elementor-widget-divider--separator-type-pattern:not(.elementor-widget-divider--view-line) .elementor-divider-separator:before,.elementor-widget-divider--separator-type-pattern:not([class*=elementor-widget-divider--view]) .elementor-divider-separator{width:100%;min-height:var(--divider-pattern-height);-webkit-mask-size:var(--divider-pattern-size) 100%;mask-size:var(--divider-pattern-size) 100%;-webkit-mask-repeat:var(--divider-pattern-repeat);mask-repeat:var(--divider-pattern-repeat);background-color:var(--divider-color);-webkit-mask-image:var(--divider-pattern-url);mask-image:var(--divider-pattern-url)}.elementor-widget-divider--no-spacing{--divider-pattern-size:auto}.elementor-widget-divider--bg-round{--divider-pattern-repeat:round}.rtl .elementor-widget-divider .elementor-divider__text{direction:rtl}.e-con-inner>.elementor-widget-divider,.e-con>.elementor-widget-divider{width:var(--container-widget-width,100%);--flex-grow:var(--container-widget-flex-grow)}<\/style>\t\t<div class=\"elementor-divider\">\n\t\t\t<span class=\"elementor-divider-separator\">\n\t\t\t\t\t\t<\/span>\n\t\t<\/div>\n\t\t\t\t<\/div>\n\t\t\t\t<\/div>\n\t\t\t\t<div class=\"elementor-element elementor-element-95851d8 elementor-widget elementor-widget-text-editor\" data-id=\"95851d8\" data-element_type=\"widget\" data-widget_type=\"text-editor.default\">\n\t\t\t\t<div class=\"elementor-widget-container\">\n\t\t\t<style>\/*! elementor - v3.18.0 - 20-12-2023 *\/\n.elementor-widget-text-editor.elementor-drop-cap-view-stacked .elementor-drop-cap{background-color:#69727d;color:#fff}.elementor-widget-text-editor.elementor-drop-cap-view-framed .elementor-drop-cap{color:#69727d;border:3px solid;background-color:transparent}.elementor-widget-text-editor:not(.elementor-drop-cap-view-default) .elementor-drop-cap{margin-top:8px}.elementor-widget-text-editor:not(.elementor-drop-cap-view-default) .elementor-drop-cap-letter{width:1em;height:1em}.elementor-widget-text-editor .elementor-drop-cap{float:left;text-align:center;line-height:1;font-size:50px}.elementor-widget-text-editor .elementor-drop-cap-letter{display:inline-block}<\/style>\t\t\t\t<p>Gem\u00e4\u00df Artikel 10 des Gesetzes 34\/2002 vom 11. Juli \u00fcber die Dienste der Informationsgesellschaft und den elektronischen Handel informieren wir Sie dar\u00fcber, dass der Eigent\u00fcmer der Website rentacarjosmar.com Josmar Caravaning S.L. ist, eine Handelsgesellschaft mit der Steuernummer B12997045 und eingetragenem Sitz in Avenida Pou Ample, 3, Vall d&#8217;Alba 12194 Castell\u00f3n.<\/p>\n<p>Die Kommunikation der Nutzer der Webseite mit den Verantwortlichen von rentacarjosmar.com kann per E-Mail an die Adresse info@grupojosmar.es oder per Telefon 630 816 218 erfolgen.<\/p>\n<p>NUTZUNG DER WEBSITE UND AKZEPTANZ<br \/>Der Zugang und\/oder die Nutzung der Website rentacarjosmar.com verleiht demjenigen, der auf sie zugreift und\/oder sie nutzt, den Status eines Benutzers und setzt die vollst\u00e4ndige und vorbehaltlose Annahme aller in diesem rechtlichen Hinweis enthaltenen Bedingungen durch den Benutzer voraus.<\/p>\n<p>Der Inhalt dieses rechtlichen Hinweises kann sich \u00e4ndern. Bei jedem Zugriff auf die Website muss der Nutzer diesen rechtlichen Hinweis sorgf\u00e4ltig lesen.<br \/>Ebenso unterliegt der Zugriff auf die Website rentacarjosmar.com allen Hinweisen, Nutzungsbedingungen und Anweisungen, die dem Benutzer von Josmar Caravaning S.L. mitgeteilt werden und die diesen rechtlichen Hinweis ersetzen, erg\u00e4nzen und\/oder \u00e4ndern.<\/p>\n<p>ALLGEMEINE BEDINGUNGEN<br \/>Der Nutzer verpflichtet sich, die von der Website angebotenen Dienste und Inhalte in \u00dcbereinstimmung mit der geltenden Gesetzgebung und den Grunds\u00e4tzen von Treu und Glauben und der allgemein anerkannten Nutzung zu nutzen und mit seinem Handeln auf der Website nicht gegen die geltende Gesetzgebung zu versto\u00dfen. Daher ist jede Nutzung f\u00fcr illegale Zwecke oder zur Sch\u00e4digung Dritter untersagt.<\/p>\n<p>Der Nutzer garantiert die Echtheit und Wahrhaftigkeit aller beim Ausf\u00fcllen des Formulars angegebenen pers\u00f6nlichen Daten. Der Nutzer verpflichtet sich und ist daf\u00fcr verantwortlich, alle bereitgestellten Informationen so zu halten, dass sie jederzeit seiner aktuellen Situation entsprechen. Die Verarbeitung der vom Benutzer gelieferten pers\u00f6nlichen Daten wird von Josmar Caravaning S.L. gem\u00e4\u00df der in dieser Website enthaltenen Datenschutzrichtlinie durchgef\u00fchrt.<\/p>\n<p>Der Nutzer ist allein verantwortlich f\u00fcr die Nutzung dieser Website und f\u00fcr die Einhaltung der vorliegenden Bedingungen in ihrer Gesamtheit. Infolgedessen verpflichtet sich der Benutzer, seine Passw\u00f6rter, Kennw\u00f6rter oder \u00e4hnliche Daten, die ihm f\u00fcr den Zugang zu den von rentacarjosmar.com angebotenen Diensten zugewiesen wurden, geheim zu halten, mit dem Charakter vertraulicher und vorbehaltener Informationen, wobei er f\u00fcr alle Sch\u00e4den jeglicher Art, die aus dem Missbrauch durch ihn selbst oder durch Dritte entstehen, verantwortlich ist.<\/p>\n<p>rentacarjosmar.com \u00fcbernimmt keine Garantie und ist in keinem Fall oder unter keinen Umst\u00e4nden verantwortlich f\u00fcr die folgenden Fakten und Inhalte oder f\u00fcr Sch\u00e4den, die sich daraus ergeben k\u00f6nnen, wenn \u00fcberhaupt:<br \/>&#8211; Mangelnde Verf\u00fcgbarkeit, Kontinuit\u00e4t, Zugang, Wartung und effektives Funktionieren der Website oder ihrer Dienste sowie die Aktualisierung, Genauigkeit, Vollst\u00e4ndigkeit oder Relevanz ihrer Inhalte, unabh\u00e4ngig von der Ursache, sowie die Schwierigkeiten oder technischen Probleme oder Probleme anderer Art, auf die diese Fakten zur\u00fcckzuf\u00fchren sind.<br \/>&#8211; Die \u00dcbertragung und\/oder das Vorhandensein von Viren, anderen Elementen oder Programmen, die f\u00fcr die Ger\u00e4te der Nutzer sch\u00e4dlich sind und diese durch den Zugang, die Nutzung oder die Pr\u00fcfung der Website beeintr\u00e4chtigen oder Ver\u00e4nderungen in ihren elektronischen Dokumenten oder Dateien verursachen k\u00f6nnten.<br \/>&#8211; Die unerlaubte, fahrl\u00e4ssige, betr\u00fcgerische, sich als Dritte ausgebende oder gegen den Inhalt dieser allgemeinen Bedingungen, den guten Glauben, die allgemein anerkannten Gebr\u00e4uche oder die \u00f6ffentliche Ordnung versto\u00dfende Nutzung der Website, ihrer Dienste und Inhalte durch die Nutzer.<br \/>&#8211; F\u00fcr die Kenntnis jeglicher Informationen, die unbefugte Dritte \u00fcber die Merkmale und Umst\u00e4nde der Nutzung der Inhalte und Dienstleistungen rentacarjosmar.com durch die Nutzer besitzen oder nutzen k\u00f6nnten.<\/p>\n<p>Ebenso ist die Vervielf\u00e4ltigung, Verbreitung, \u00dcbertragung, Anpassung oder \u00c4nderung des Inhalts der Website (Texte, Designs, Grafiken, Informationen, Datenbanken, Logos usw.) und anderer Elemente dieser Website mit beliebigen Mitteln und in beliebiger Form untersagt, es sei denn, es liegt eine vorherige Genehmigung der rechtm\u00e4\u00dfigen Eigent\u00fcmer vor oder es ist gesetzlich zul\u00e4ssig.<\/p>\n<p>Die obige Liste dient nur zur Veranschaulichung und ist in keiner Weise ausschlie\u00dflich oder exklusiv.<\/p>\n<p>In jedem Fall beh\u00e4lt sich rentacarjosmar.com das Recht vor, den Zugang zu dieser Website denjenigen Benutzern zu verweigern, die gegen diese allgemeinen Bedingungen oder die f\u00fcr sie geltenden besonderen Bedingungen versto\u00dfen.<\/p>\n<p>DATENSCHUTZPOLITIK<br \/>Die pers\u00f6nlichen Daten, die der Benutzer \u00fcber die Formulare auf dieser Website angibt, um eine Dienstleistung zu abonnieren oder einen Kauf zu t\u00e4tigen, k\u00f6nnen in eine Kundendatei aufgenommen werden, f\u00fcr die Josmar Caravaning S.L. verantwortlich ist. Die Datei befindet sich in den Computersystemen des Verantwortlichen.<br \/>Der Kunde oder die nat\u00fcrliche Person, die ihn vertritt, hat das Recht, die Akte einzusehen, seine Daten zu berichtigen oder zu l\u00f6schen (Anweisung 1\/2000 vom 1. Dezember der spanischen Datenschutzbeh\u00f6rde). Um von diesem Recht Gebrauch zu machen, k\u00f6nnen Sie eine Nachricht an info@grupojosmar.es senden oder 630 816 218 anrufen.<\/p>\n<p>Die von den Nutzern bereitgestellten personenbezogenen Daten m\u00fcssen richtig und aktuell sein, damit sie die aktuelle Situation der betreffenden Person wahrheitsgetreu wiedergeben. Daher ist der Nutzer f\u00fcr die Richtigkeit und Genauigkeit der von ihm angegebenen personenbezogenen Daten verantwortlich und muss jede k\u00fcnftige \u00c4nderung dieser Daten mitteilen. Josmar Caravaning S.L. wird die gesammelten pers\u00f6nlichen Daten l\u00f6schen, wenn sie f\u00fcr den Zweck, f\u00fcr den sie gesammelt oder registriert wurden, nicht mehr notwendig oder relevant sind. Die L\u00f6schung f\u00fchrt zur Sperrung der Daten, die nur den \u00f6ffentlichen Verwaltungen, Richtern und Gerichten zur Verf\u00fcgung gestellt werden, um eventuelle Verpflichtungen aus der Verarbeitung w\u00e4hrend der Verj\u00e4hrungsfrist zu erf\u00fcllen. Nach Ablauf dieser Frist werden Ihre personenbezogenen Daten gel\u00f6scht.<\/p>\n<p>Der f\u00fcr die Verarbeitung Verantwortliche hat in \u00dcbereinstimmung mit den geltenden Vorschriften die erforderlichen Ma\u00dfnahmen und Techniken ergriffen, um das f\u00fcr die verarbeiteten personenbezogenen Daten erforderliche Sicherheitsniveau zu gew\u00e4hrleisten. Sie verf\u00fcgt auch \u00fcber die notwendigen Mittel, um den unbefugten Zugriff, den Diebstahl, die unrechtm\u00e4\u00dfige \u00c4nderung und den Verlust von Daten so weit wie m\u00f6glich zu verhindern.<\/p>\n<p>GESETZGEBUNG UND RECHTSPRECHUNG<br \/>Die auf diesen rechtlichen Hinweis anwendbare Gesetzgebung ist das spanische Recht, und die zust\u00e4ndige Gerichtsbarkeit f\u00fcr alle Anspr\u00fcche, die sich aus dieser Website ergeben k\u00f6nnen, ist die der Gerichte von Castell\u00f3n.<\/p>\n<p>Die Website rentacarjosmar.com verwendet &#8220;Cookies&#8221;, um einen personalisierten Service zu bieten und das Surfen auf den Seiten zu erleichtern und besser auf die Pr\u00e4ferenzen der Benutzer abzustimmen.<br \/>Ein &#8220;Cookie&#8221; ist eine kleine Textdatei, die ein Webserver auf der Festplatte des Benutzers speichert. Cookies k\u00f6nnen f\u00fcr sich genommen eine Person nicht identifizieren, da sie sich nicht auf personenbezogene Daten beziehen.<br \/>Die meisten Browser akzeptieren Cookies automatisch, aber es ist auch m\u00f6glich, sie so zu konfigurieren, dass sie sie nicht akzeptieren. Der Nutzer kann jederzeit w\u00e4hlen, welche Cookies er auf dieser Website verwenden m\u00f6chte, indem er die Browsereinstellungen konfiguriert.<br \/>Es gibt online verf\u00fcgbare Tools von Drittanbietern, die es den Nutzern erm\u00f6glichen, Cookies auf jeder von ihnen besuchten Website zu erkennen und deren Deaktivierung zu verwalten. Josmar Caravaning S.L. ist jedoch nicht daf\u00fcr verantwortlich, dass die Deaktivierung dieser Cookies das ordnungsgem\u00e4\u00dfe Funktionieren der Website verhindert.<\/p>\n<p>AUF DIESER WEBSITE VERWENDETE COOKIES<\/p>\n<p>Nach den Richtlinien der spanischen Datenschutzbeh\u00f6rde fahren wir fort, die Verwendung von Cookies, die diese Website macht Detail.<\/p>\n<p>Diese Website verwendet die folgenden Cookies von Dritten:<\/p>\n<p>Google Analytics: speichert Cookies, um Statistiken \u00fcber den Verkehr und das Volumen der Besuche auf dieser Website zu erstellen. Durch die Nutzung dieser Website erkl\u00e4ren Sie sich mit der Bearbeitung der \u00fcber Sie erhobenen Daten durch Google einverstanden. Daher sollten Sie alle diesbez\u00fcglichen Rechte wahrnehmen, indem Sie sich direkt an Google wenden.<br \/>Google Maps: Speichert Cookies f\u00fcr die Geolokalisierung.<br \/>Soziale Netzwerke: Jedes soziale Netzwerk verwendet seine eigenen Cookies, damit Sie auf die Schaltfl\u00e4chen &#8220;Gef\u00e4llt mir&#8221; oder &#8220;Teilen&#8221; klicken k\u00f6nnen.<\/p>\n<p>COOKIE-L\u00d6SCHUNG<\/p>\n<p>Wir verweisen auf die folgenden Links, unter denen Sie weitere Informationen zu den verschiedenen Browsern finden k\u00f6nnen:<\/p>\n<p>Chrome, https:\/\/support.google.com\/chrome\/answer\/95647?hl=es<br \/>Firefox http:\/\/support.mozilla.org\/es\/kb\/habilitar-y-deshabilitar-cookies-que-los-sitios-we<\/p>\n\t\t\t\t\t\t<\/div>\n\t\t\t\t<\/div>\n\t\t\t\t\t<\/div>\n\t\t\t\t<\/div>\n\t\t\t\t\t\t\t<\/div>\n\t\t","protected":false},"excerpt":{"rendered":"<p>Rechtlicher Hinweis Gem\u00e4\u00df Artikel 10 des Gesetzes 34\/2002 vom 11. Juli \u00fcber die Dienste der Informationsgesellschaft und den elektronischen Handel [&hellip;]<\/p>\n","protected":false},"author":1,"featured_media":0,"parent":0,"menu_order":0,"comment_status":"closed","ping_status":"closed","template":"","meta":{"site-sidebar-layout":"no-sidebar","site-content-layout":"","ast-site-content-layout":"full-width-container","site-content-style":"default","site-sidebar-style":"default","ast-global-header-display":"","ast-banner-title-visibility":"","ast-main-header-display":"","ast-hfb-above-header-display":"","ast-hfb-below-header-display":"","ast-hfb-mobile-header-display":"","site-post-title":"disabled","ast-breadcrumbs-content":"","ast-featured-img":"disabled","footer-sml-layout":"","theme-transparent-header-meta":"default","adv-header-id-meta":"","stick-header-meta":"","header-above-stick-meta":"","header-main-stick-meta":"","header-below-stick-meta":"","astra-migrate-meta-layouts":"default","ast-page-background-enabled":"default","ast-page-background-meta":{"desktop":{"background-color":"var(--ast-global-color-4)","background-image":"","background-repeat":"repeat","background-position":"center center","background-size":"auto","background-attachment":"scroll","background-type":"","background-media":"","overlay-type":"","overlay-color":"","overlay-gradient":""},"tablet":{"background-color":"","background-image":"","background-repeat":"repeat","background-position":"center center","background-size":"auto","background-attachment":"scroll","background-type":"","background-media":"","overlay-type":"","overlay-color":"","overlay-gradient":""},"mobile":{"background-color":"","background-image":"","background-repeat":"repeat","background-position":"center center","background-size":"auto","background-attachment":"scroll","background-type":"","background-media":"","overlay-type":"","overlay-color":"","overlay-gradient":""}},"ast-content-background-meta":{"desktop":{"background-color":"var(--ast-global-color-5)","background-image":"","background-repeat":"repeat","background-position":"center center","background-size":"auto","background-attachment":"scroll","background-type":"","background-media":"","overlay-type":"","overlay-color":"","overlay-gradient":""},"tablet":{"background-color":"var(--ast-global-color-5)","background-image":"","background-repeat":"repeat","background-position":"center center","background-size":"auto","background-attachment":"scroll","background-type":"","background-media":"","overlay-type":"","overlay-color":"","overlay-gradient":""},"mobile":{"background-color":"var(--ast-global-color-5)","background-image":"","background-repeat":"repeat","background-position":"center center","background-size":"auto","background-attachment":"scroll","background-type":"","background-media":"","overlay-type":"","overlay-color":"","overlay-gradient":""}},"footnotes":""},"yoast_head":"<!-- This site is optimized with the Yoast SEO plugin v21.9.1 - https:\/\/yoast.com\/wordpress\/plugins\/seo\/ -->\n<title>Rechtlicher Hinweis - Rent a car<\/title>\n<meta name=\"robots\" content=\"index, follow, max-snippet:-1, max-image-preview:large, max-video-preview:-1\" \/>\n<link rel=\"canonical\" href=\"https:\/\/rentacarjosmar.com\/de\/rechtlicher-hinweis\/\" \/>\n<meta property=\"og:locale\" content=\"de_DE\" \/>\n<meta property=\"og:type\" content=\"article\" \/>\n<meta property=\"og:title\" content=\"Rechtlicher Hinweis - Rent a car\" \/>\n<meta property=\"og:description\" content=\"Rechtlicher Hinweis Gem\u00e4\u00df Artikel 10 des Gesetzes 34\/2002 vom 11. Juli \u00fcber die Dienste der Informationsgesellschaft und den elektronischen Handel [&hellip;]\" \/>\n<meta property=\"og:url\" content=\"https:\/\/rentacarjosmar.com\/de\/rechtlicher-hinweis\/\" \/>\n<meta property=\"og:site_name\" content=\"Rent a car\" \/>\n<meta property=\"article:modified_time\" content=\"2024-02-22T10:16:58+00:00\" \/>\n<meta name=\"twitter:card\" content=\"summary_large_image\" \/>\n<meta name=\"twitter:label1\" content=\"Gesch\u00e4tzte Lesezeit\" \/>\n\t<meta name=\"twitter:data1\" content=\"7\u00a0Minuten\" \/>\n<script type=\"application\/ld+json\" class=\"yoast-schema-graph\">{\"@context\":\"https:\/\/schema.org\",\"@graph\":[{\"@type\":\"WebPage\",\"@id\":\"https:\/\/rentacarjosmar.com\/de\/rechtlicher-hinweis\/\",\"url\":\"https:\/\/rentacarjosmar.com\/de\/rechtlicher-hinweis\/\",\"name\":\"Rechtlicher Hinweis - Rent a car\",\"isPartOf\":{\"@id\":\"https:\/\/rentacarjosmar.com\/#website\"},\"datePublished\":\"2024-02-02T09:07:00+00:00\",\"dateModified\":\"2024-02-22T10:16:58+00:00\",\"breadcrumb\":{\"@id\":\"https:\/\/rentacarjosmar.com\/de\/rechtlicher-hinweis\/#breadcrumb\"},\"inLanguage\":\"de\",\"potentialAction\":[{\"@type\":\"ReadAction\",\"target\":[\"https:\/\/rentacarjosmar.com\/de\/rechtlicher-hinweis\/\"]}]},{\"@type\":\"BreadcrumbList\",\"@id\":\"https:\/\/rentacarjosmar.com\/de\/rechtlicher-hinweis\/#breadcrumb\",\"itemListElement\":[{\"@type\":\"ListItem\",\"position\":1,\"name\":\"Portada\",\"item\":\"https:\/\/rentacarjosmar.com\/\"},{\"@type\":\"ListItem\",\"position\":2,\"name\":\"Rechtlicher Hinweis\"}]},{\"@type\":\"WebSite\",\"@id\":\"https:\/\/rentacarjosmar.com\/#website\",\"url\":\"https:\/\/rentacarjosmar.com\/\",\"name\":\"Rent a car\",\"description\":\"Alquiler de coches en Castell\u00f3n\",\"publisher\":{\"@id\":\"https:\/\/rentacarjosmar.com\/#organization\"},\"potentialAction\":[{\"@type\":\"SearchAction\",\"target\":{\"@type\":\"EntryPoint\",\"urlTemplate\":\"https:\/\/rentacarjosmar.com\/?s={search_term_string}\"},\"query-input\":\"required name=search_term_string\"}],\"inLanguage\":\"de\"},{\"@type\":\"Organization\",\"@id\":\"https:\/\/rentacarjosmar.com\/#organization\",\"name\":\"Rent a car\",\"url\":\"https:\/\/rentacarjosmar.com\/\",\"logo\":{\"@type\":\"ImageObject\",\"inLanguage\":\"de\",\"@id\":\"https:\/\/rentacarjosmar.com\/#\/schema\/logo\/image\/\",\"url\":\"https:\/\/rentacarjosmar.com\/wp-content\/uploads\/2024\/01\/Rent-a-car-JOSMAR-01.png\",\"contentUrl\":\"https:\/\/rentacarjosmar.com\/wp-content\/uploads\/2024\/01\/Rent-a-car-JOSMAR-01.png\",\"width\":500,\"height\":200,\"caption\":\"Rent a car\"},\"image\":{\"@id\":\"https:\/\/rentacarjosmar.com\/#\/schema\/logo\/image\/\"}}]}<\/script>\n<!-- \/ Yoast SEO plugin. -->","yoast_head_json":{"title":"Rechtlicher Hinweis - Rent a car","robots":{"index":"index","follow":"follow","max-snippet":"max-snippet:-1","max-image-preview":"max-image-preview:large","max-video-preview":"max-video-preview:-1"},"canonical":"https:\/\/rentacarjosmar.com\/de\/rechtlicher-hinweis\/","og_locale":"de_DE","og_type":"article","og_title":"Rechtlicher Hinweis - Rent a car","og_description":"Rechtlicher Hinweis Gem\u00e4\u00df Artikel 10 des Gesetzes 34\/2002 vom 11. Juli \u00fcber die Dienste der Informationsgesellschaft und den elektronischen Handel [&hellip;]","og_url":"https:\/\/rentacarjosmar.com\/de\/rechtlicher-hinweis\/","og_site_name":"Rent a car","article_modified_time":"2024-02-22T10:16:58+00:00","twitter_card":"summary_large_image","twitter_misc":{"Gesch\u00e4tzte Lesezeit":"7\u00a0Minuten"},"schema":{"@context":"https:\/\/schema.org","@graph":[{"@type":"WebPage","@id":"https:\/\/rentacarjosmar.com\/de\/rechtlicher-hinweis\/","url":"https:\/\/rentacarjosmar.com\/de\/rechtlicher-hinweis\/","name":"Rechtlicher Hinweis - Rent a car","isPartOf":{"@id":"https:\/\/rentacarjosmar.com\/#website"},"datePublished":"2024-02-02T09:07:00+00:00","dateModified":"2024-02-22T10:16:58+00:00","breadcrumb":{"@id":"https:\/\/rentacarjosmar.com\/de\/rechtlicher-hinweis\/#breadcrumb"},"inLanguage":"de","potentialAction":[{"@type":"ReadAction","target":["https:\/\/rentacarjosmar.com\/de\/rechtlicher-hinweis\/"]}]},{"@type":"BreadcrumbList","@id":"https:\/\/rentacarjosmar.com\/de\/rechtlicher-hinweis\/#breadcrumb","itemListElement":[{"@type":"ListItem","position":1,"name":"Portada","item":"https:\/\/rentacarjosmar.com\/"},{"@type":"ListItem","position":2,"name":"Rechtlicher Hinweis"}]},{"@type":"WebSite","@id":"https:\/\/rentacarjosmar.com\/#website","url":"https:\/\/rentacarjosmar.com\/","name":"Rent a car","description":"Alquiler de coches en Castell\u00f3n","publisher":{"@id":"https:\/\/rentacarjosmar.com\/#organization"},"potentialAction":[{"@type":"SearchAction","target":{"@type":"EntryPoint","urlTemplate":"https:\/\/rentacarjosmar.com\/?s={search_term_string}"},"query-input":"required name=search_term_string"}],"inLanguage":"de"},{"@type":"Organization","@id":"https:\/\/rentacarjosmar.com\/#organization","name":"Rent a car","url":"https:\/\/rentacarjosmar.com\/","logo":{"@type":"ImageObject","inLanguage":"de","@id":"https:\/\/rentacarjosmar.com\/#\/schema\/logo\/image\/","url":"https:\/\/rentacarjosmar.com\/wp-content\/uploads\/2024\/01\/Rent-a-car-JOSMAR-01.png","contentUrl":"https:\/\/rentacarjosmar.com\/wp-content\/uploads\/2024\/01\/Rent-a-car-JOSMAR-01.png","width":500,"height":200,"caption":"Rent a car"},"image":{"@id":"https:\/\/rentacarjosmar.com\/#\/schema\/logo\/image\/"}}]}},"_links":{"self":[{"href":"https:\/\/rentacarjosmar.com\/de\/wp-json\/wp\/v2\/pages\/1452"}],"collection":[{"href":"https:\/\/rentacarjosmar.com\/de\/wp-json\/wp\/v2\/pages"}],"about":[{"href":"https:\/\/rentacarjosmar.com\/de\/wp-json\/wp\/v2\/types\/page"}],"author":[{"embeddable":true,"href":"https:\/\/rentacarjosmar.com\/de\/wp-json\/wp\/v2\/users\/1"}],"replies":[{"embeddable":true,"href":"https:\/\/rentacarjosmar.com\/de\/wp-json\/wp\/v2\/comments?post=1452"}],"version-history":[{"count":3,"href":"https:\/\/rentacarjosmar.com\/de\/wp-json\/wp\/v2\/pages\/1452\/revisions"}],"predecessor-version":[{"id":1455,"href":"https:\/\/rentacarjosmar.com\/de\/wp-json\/wp\/v2\/pages\/1452\/revisions\/1455"}],"wp:attachment":[{"href":"https:\/\/rentacarjosmar.com\/de\/wp-json\/wp\/v2\/media?parent=1452"}],"curies":[{"name":"wp","href":"https:\/\/api.w.org\/{rel}","templated":true}]}}