{"id":1130,"date":"2024-02-02T10:07:15","date_gmt":"2024-02-02T09:07:15","guid":{"rendered":"https:\/\/rentacarjosmar.com\/politica-de-privacidad\/"},"modified":"2024-02-19T15:19:53","modified_gmt":"2024-02-19T14:19:53","slug":"politica-de-privacidad","status":"publish","type":"page","link":"https:\/\/rentacarjosmar.com\/fr\/politica-de-privacidad\/","title":{"rendered":"Politique de confidentialit\u00e9"},"content":{"rendered":"\t\t<div data-elementor-type=\"wp-page\" data-elementor-id=\"1130\" class=\"elementor elementor-1130 elementor-187\" data-elementor-post-type=\"page\">\n\t\t\t\t\t\t\t<div data-particle_enable=\"false\" data-particle-mobile-disabled=\"false\" class=\"elementor-element elementor-element-1345e41 e-flex e-con-boxed e-con e-parent\" data-id=\"1345e41\" data-element_type=\"container\" data-settings=\"{&quot;content_width&quot;:&quot;boxed&quot;}\" data-core-v316-plus=\"true\">\n\t\t\t\t\t<div class=\"e-con-inner\">\n\t\t\t\t<div class=\"elementor-element elementor-element-72c6c22 elementor-widget elementor-widget-heading\" data-id=\"72c6c22\" data-element_type=\"widget\" data-widget_type=\"heading.default\">\n\t\t\t\t<div class=\"elementor-widget-container\">\n\t\t\t<style>\/*! elementor - v3.18.0 - 20-12-2023 *\/\n.elementor-heading-title{padding:0;margin:0;line-height:1}.elementor-widget-heading .elementor-heading-title[class*=elementor-size-]>a{color:inherit;font-size:inherit;line-height:inherit}.elementor-widget-heading .elementor-heading-title.elementor-size-small{font-size:15px}.elementor-widget-heading .elementor-heading-title.elementor-size-medium{font-size:19px}.elementor-widget-heading .elementor-heading-title.elementor-size-large{font-size:29px}.elementor-widget-heading .elementor-heading-title.elementor-size-xl{font-size:39px}.elementor-widget-heading .elementor-heading-title.elementor-size-xxl{font-size:59px}<\/style><h2 class=\"elementor-heading-title elementor-size-default\">Politique de confidentialit\u00e9<\/h2>\t\t<\/div>\n\t\t\t\t<\/div>\n\t\t\t\t<div class=\"elementor-element elementor-element-4e4be65 elementor-widget-divider--view-line elementor-widget elementor-widget-divider\" data-id=\"4e4be65\" data-element_type=\"widget\" data-widget_type=\"divider.default\">\n\t\t\t\t<div class=\"elementor-widget-container\">\n\t\t\t<style>\/*! elementor - v3.18.0 - 20-12-2023 *\/\n.elementor-widget-divider{--divider-border-style:none;--divider-border-width:1px;--divider-color:#0c0d0e;--divider-icon-size:20px;--divider-element-spacing:10px;--divider-pattern-height:24px;--divider-pattern-size:20px;--divider-pattern-url:none;--divider-pattern-repeat:repeat-x}.elementor-widget-divider .elementor-divider{display:flex}.elementor-widget-divider .elementor-divider__text{font-size:15px;line-height:1;max-width:95%}.elementor-widget-divider .elementor-divider__element{margin:0 var(--divider-element-spacing);flex-shrink:0}.elementor-widget-divider .elementor-icon{font-size:var(--divider-icon-size)}.elementor-widget-divider .elementor-divider-separator{display:flex;margin:0;direction:ltr}.elementor-widget-divider--view-line_icon .elementor-divider-separator,.elementor-widget-divider--view-line_text .elementor-divider-separator{align-items:center}.elementor-widget-divider--view-line_icon .elementor-divider-separator:after,.elementor-widget-divider--view-line_icon .elementor-divider-separator:before,.elementor-widget-divider--view-line_text .elementor-divider-separator:after,.elementor-widget-divider--view-line_text .elementor-divider-separator:before{display:block;content:\"\";border-bottom:0;flex-grow:1;border-top:var(--divider-border-width) var(--divider-border-style) var(--divider-color)}.elementor-widget-divider--element-align-left .elementor-divider .elementor-divider-separator>.elementor-divider__svg:first-of-type{flex-grow:0;flex-shrink:100}.elementor-widget-divider--element-align-left .elementor-divider-separator:before{content:none}.elementor-widget-divider--element-align-left .elementor-divider__element{margin-left:0}.elementor-widget-divider--element-align-right .elementor-divider .elementor-divider-separator>.elementor-divider__svg:last-of-type{flex-grow:0;flex-shrink:100}.elementor-widget-divider--element-align-right .elementor-divider-separator:after{content:none}.elementor-widget-divider--element-align-right .elementor-divider__element{margin-right:0}.elementor-widget-divider:not(.elementor-widget-divider--view-line_text):not(.elementor-widget-divider--view-line_icon) .elementor-divider-separator{border-top:var(--divider-border-width) var(--divider-border-style) var(--divider-color)}.elementor-widget-divider--separator-type-pattern{--divider-border-style:none}.elementor-widget-divider--separator-type-pattern.elementor-widget-divider--view-line .elementor-divider-separator,.elementor-widget-divider--separator-type-pattern:not(.elementor-widget-divider--view-line) .elementor-divider-separator:after,.elementor-widget-divider--separator-type-pattern:not(.elementor-widget-divider--view-line) .elementor-divider-separator:before,.elementor-widget-divider--separator-type-pattern:not([class*=elementor-widget-divider--view]) .elementor-divider-separator{width:100%;min-height:var(--divider-pattern-height);-webkit-mask-size:var(--divider-pattern-size) 100%;mask-size:var(--divider-pattern-size) 100%;-webkit-mask-repeat:var(--divider-pattern-repeat);mask-repeat:var(--divider-pattern-repeat);background-color:var(--divider-color);-webkit-mask-image:var(--divider-pattern-url);mask-image:var(--divider-pattern-url)}.elementor-widget-divider--no-spacing{--divider-pattern-size:auto}.elementor-widget-divider--bg-round{--divider-pattern-repeat:round}.rtl .elementor-widget-divider .elementor-divider__text{direction:rtl}.e-con-inner>.elementor-widget-divider,.e-con>.elementor-widget-divider{width:var(--container-widget-width,100%);--flex-grow:var(--container-widget-flex-grow)}<\/style>\t\t<div class=\"elementor-divider\">\n\t\t\t<span class=\"elementor-divider-separator\">\n\t\t\t\t\t\t<\/span>\n\t\t<\/div>\n\t\t\t\t<\/div>\n\t\t\t\t<\/div>\n\t\t\t\t<div class=\"elementor-element elementor-element-7689a80 elementor-widget elementor-widget-text-editor\" data-id=\"7689a80\" data-element_type=\"widget\" data-widget_type=\"text-editor.default\">\n\t\t\t\t<div class=\"elementor-widget-container\">\n\t\t\t<style>\/*! elementor - v3.18.0 - 20-12-2023 *\/\n.elementor-widget-text-editor.elementor-drop-cap-view-stacked .elementor-drop-cap{background-color:#69727d;color:#fff}.elementor-widget-text-editor.elementor-drop-cap-view-framed .elementor-drop-cap{color:#69727d;border:3px solid;background-color:transparent}.elementor-widget-text-editor:not(.elementor-drop-cap-view-default) .elementor-drop-cap{margin-top:8px}.elementor-widget-text-editor:not(.elementor-drop-cap-view-default) .elementor-drop-cap-letter{width:1em;height:1em}.elementor-widget-text-editor .elementor-drop-cap{float:left;text-align:center;line-height:1;font-size:50px}.elementor-widget-text-editor .elementor-drop-cap-letter{display:inline-block}<\/style>\t\t\t\t<p>1.IDENTIFICATION<\/p><p>\u25cf Responsable : Josmar Caravaning S.L.<br \/>\u25cf Si\u00e8ge social : Partida Pou Ample s\/n 12194 | Vall D&#8217;Alba (Castell\u00f3n)<br \/>\u25cf N.I.F.\u00a0: B12997045<\/p><p>2. INFORMATION ET CONSENTEMENT<br \/>Conform\u00e9ment aux dispositions de la loi organique 15\/1999 sur la protection des donn\u00e9es personnelles (ci-apr\u00e8s, \u00ab LOPD \u00bb), en acceptant cette politique de confidentialit\u00e9, l&#8217;utilisateur (ci-apr\u00e8s, \u00ab l&#8217;utilisateur \u00bb) fournit votre information inform\u00e9e, expresse, gratuite et sans \u00e9quivoque. consentement \u00e0 ce que les donn\u00e9es personnelles collect\u00e9es via le site Web https:\/\/rentacarjosmar.com\/ (ci-apr\u00e8s, le \u00ab Site Web \u00bb) soient incluses dans un fichier appartenant \u00e0 F\u00e1cilndo por el mundo d\u00fbment enregistr\u00e9 aupr\u00e8s de l&#8217;Agence espagnole de protection des donn\u00e9es, et en ce qui concerne lequel il est garanti que les mesures de s\u00e9curit\u00e9, tant organisationnelles que techniques, requises par le d\u00e9cret royal 1720\/2007 ont \u00e9t\u00e9 appliqu\u00e9es (ci-apr\u00e8s, \u00ab https:\/\/rentacarjosmar.com \/ \u00bb).<br \/>Toutes les donn\u00e9es personnelles demand\u00e9es \u00e0 l&#8217;Utilisateur sur le Site sont obligatoires, et l&#8217;acc\u00e8s ou l&#8217;inscription sur le Site ne sera pas possible si ces donn\u00e9es ne sont pas fournies.<br \/>De m\u00eame, lorsque des donn\u00e9es personnelles seront collect\u00e9es via des formulaires activables sur le Site Web aux fins de l&#8217;exercice de son activit\u00e9, il sera n\u00e9cessaire que l&#8217;Utilisateur fournisse, au moins, celles marqu\u00e9es d&#8217;un ast\u00e9risque puisque, si elles ne sont pas fournies Si ces donn\u00e9es sont consid\u00e9r\u00e9es comme n\u00e9cessaires, nous ne serons pas en mesure de fournir le service \u00e0 l&#8217;Utilisateur via le Site Web.<br \/>L&#8217;Utilisateur garantit que les donn\u00e9es personnelles fournies \u00e0 Mejorando por el mundo sont v\u00e9ridiques et exactes, Enjoyando por el mundo ne sera donc pas responsable de tout incident r\u00e9sultant de l&#8217;inexactitude ou de la fausset\u00e9 des informations fournies par l&#8217;Utilisateur.<br \/>L\u2019Utilisateur, en tant que seul responsable du traitement, sera responsable du respect de toutes les r\u00e9glementations applicables en mati\u00e8re de protection des donn\u00e9es. En outre, l&#8217;Utilisateur s&#8217;engage \u00e0 obtenir tous les consentements, autorisations et\/ou approbations l\u00e9galement n\u00e9cessaires avant d&#8217;inclure des donn\u00e9es personnelles sur le Site Web ou d&#8217;utiliser le Site Web.<br \/>Les donn\u00e9es personnelles de l&#8217;Utilisateur ou de tiers transf\u00e9r\u00e9es par l&#8217;Utilisateur seront trait\u00e9es par Mejorando por el mundo via le Site Web uniquement aux fins suivantes :<br \/>\u25cf G\u00e9rer les inscriptions des utilisateurs sur le site Web.<br \/>\u25cf R\u00e9aliser les fonctionnalit\u00e9s du Site Internet destin\u00e9es \u00e0 la fourniture des services qui y sont propos\u00e9s.<br \/>\u25cf Respecter les obligations l\u00e9galement \u00e9tablies.<br \/>En aucun cas nous n\u2019effectuerons les activit\u00e9s suivantes :<br \/>\u25cf Transf\u00e9rer les donn\u00e9es \u00e0 d&#8217;autres personnes ou entit\u00e9s, sans le consentement pr\u00e9alable des Utilisateurs.<br \/>\u25cf Les transf\u00e9rer vers d&#8217;autres Etats, sans le consentement pr\u00e9alable des Utilisateurs.<br \/>L&#8217;Utilisateur garantit que les donn\u00e9es fournies sont v\u00e9ridiques, exactes, compl\u00e8tes et mises \u00e0 jour, et l&#8217;Utilisateur est responsable de tout dommage ou perte, direct ou indirect, qui pourrait r\u00e9sulter du non-respect de cette obligation.<br \/>Dans le cas o\u00f9 les donn\u00e9es fournies appartiennent \u00e0 un tiers, l&#8217;Utilisateur garantit avoir inform\u00e9 ledit tiers des aspects contenus dans ce document et obtenu son autorisation pour fournir ses donn\u00e9es au responsable des finalit\u00e9s susmentionn\u00e9es.<br \/>Enjoying around the world ne peut garantir l&#8217;invuln\u00e9rabilit\u00e9 absolue des syst\u00e8mes, c&#8217;est pourquoi il n&#8217;assume aucune responsabilit\u00e9 pour les dommages r\u00e9sultant d&#8217;alt\u00e9rations que des tiers pourraient provoquer dans les syst\u00e8mes informatiques, les documents \u00e9lectroniques ou les fichiers.<\/p><p>3. POL\u00cdTICA DE COOKIES<br \/>De conformidad con lo dispuesto por la Ley Org\u00e1nica 15\/1999, de 13 de diciembre, de Protecci\u00f3n de Datos de Car\u00e1cter Personal y la Ley 34\/2002, de Servicios de la Sociedad de la Informaci\u00f3n, todos los datos de car\u00e1cter personal obtenidos mediante las cookies durante la utilizaci\u00f3n de Sitio Web, ser\u00e1n tratados de conformidad con los dispuesto en la Pol\u00edtica de Cookies.<\/p><p>4. EJERCICIO DE DERECHOS<br \/>De conformidad con lo dispuesto en la LOPD, le informamos que puede ejercer sus derechos de acceso, rectificaci\u00f3n, cancelaci\u00f3n y oposici\u00f3n, solicit\u00e1ndolo por escrito a trav\u00e9s de cualquiera de los medios siguientes, adjuntando en todo caso una copia de documento acreditativo de su identidad y concretando el derecho o derechos que desea ejercer, directamente a Disfrutando por el mundo a trav\u00e9s del siguiente e-mail: info@grupojosmar.es\/<\/p><p>5. ACEPTACI\u00d3N DE LA POL\u00cdTICA DE PRIVACIDAD<br \/>El Usuario reconoce y acepta haber le\u00eddo y comprendido la presente Pol\u00edtica de Privacidad cuyo contenido constituye la totalidad del acuerdo entre el Usuario y Disfrutando por el mundo con respecto al uso y tratamiento de su informaci\u00f3n personal dentro del Sitio Web.<br \/>El Usuario expresamente acepta obligarse en los t\u00e9rminos de la presente Pol\u00edtica de Privacidad, en toda su extensi\u00f3n y alcance, sin exceptuar cualquiera de sus disposiciones.<br \/>Adem\u00e1s de las disposiciones contenidas en la presente Pol\u00edtica de Privacidad, el Usuario se obliga a dar cumplimiento al Aviso Legal.<br \/>Disfrutando por el mundo se reserva el derecho de actualizar y realizar cambios en la Pol\u00edtica de Privacidad incluso sin mediar notificaci\u00f3n previa al Usuario. Tales modificaciones deber\u00e1n hacerse efectivas en el momento de su publicaci\u00f3n en el Sitio Web, donde estar\u00e1n disponible para el Usuario en todo momento. En este sentido, recomendamos al Usuario consultar regularmente el contenido de la Pol\u00edtica de Privacidad para estar al tanto de cualquier modificaci\u00f3n que afecte al procesamiento de datos dentro del Sitio Web.<br \/>\u00daltima actualizaci\u00f3n: 01 de junio de 2020.<\/p>\t\t\t\t\t\t<\/div>\n\t\t\t\t<\/div>\n\t\t\t\t\t<\/div>\n\t\t\t\t<\/div>\n\t\t\t\t\t\t\t<\/div>\n\t\t","protected":false},"excerpt":{"rendered":"<p>Politique de confidentialit\u00e9 1.IDENTIFICATION \u25cf Responsable : Josmar Caravaning S.L. \u25cf Si\u00e8ge social : Partida Pou Ample s\/n 12194 | [&hellip;]<\/p>\n","protected":false},"author":1,"featured_media":0,"parent":0,"menu_order":0,"comment_status":"closed","ping_status":"closed","template":"","meta":{"site-sidebar-layout":"no-sidebar","site-content-layout":"","ast-site-content-layout":"full-width-container","site-content-style":"default","site-sidebar-style":"default","ast-global-header-display":"","ast-banner-title-visibility":"","ast-main-header-display":"","ast-hfb-above-header-display":"","ast-hfb-below-header-display":"","ast-hfb-mobile-header-display":"","site-post-title":"disabled","ast-breadcrumbs-content":"","ast-featured-img":"disabled","footer-sml-layout":"","theme-transparent-header-meta":"default","adv-header-id-meta":"","stick-header-meta":"","header-above-stick-meta":"","header-main-stick-meta":"","header-below-stick-meta":"","astra-migrate-meta-layouts":"set","ast-page-background-enabled":"default","ast-page-background-meta":{"desktop":{"background-color":"var(--ast-global-color-4)","background-image":"","background-repeat":"repeat","background-position":"center center","background-size":"auto","background-attachment":"scroll","background-type":"","background-media":"","overlay-type":"","overlay-color":"","overlay-gradient":""},"tablet":{"background-color":"","background-image":"","background-repeat":"repeat","background-position":"center center","background-size":"auto","background-attachment":"scroll","background-type":"","background-media":"","overlay-type":"","overlay-color":"","overlay-gradient":""},"mobile":{"background-color":"","background-image":"","background-repeat":"repeat","background-position":"center center","background-size":"auto","background-attachment":"scroll","background-type":"","background-media":"","overlay-type":"","overlay-color":"","overlay-gradient":""}},"ast-content-background-meta":{"desktop":{"background-color":"var(--ast-global-color-5)","background-image":"","background-repeat":"repeat","background-position":"center center","background-size":"auto","background-attachment":"scroll","background-type":"","background-media":"","overlay-type":"","overlay-color":"","overlay-gradient":""},"tablet":{"background-color":"var(--ast-global-color-5)","background-image":"","background-repeat":"repeat","background-position":"center center","background-size":"auto","background-attachment":"scroll","background-type":"","background-media":"","overlay-type":"","overlay-color":"","overlay-gradient":""},"mobile":{"background-color":"var(--ast-global-color-5)","background-image":"","background-repeat":"repeat","background-position":"center center","background-size":"auto","background-attachment":"scroll","background-type":"","background-media":"","overlay-type":"","overlay-color":"","overlay-gradient":""}},"footnotes":""},"yoast_head":"<!-- This site is optimized with the Yoast SEO plugin v21.9.1 - https:\/\/yoast.com\/wordpress\/plugins\/seo\/ -->\n<title>Politique de confidentialit\u00e9 - Rent a car<\/title>\n<meta name=\"robots\" content=\"index, follow, max-snippet:-1, max-image-preview:large, max-video-preview:-1\" \/>\n<link rel=\"canonical\" href=\"https:\/\/rentacarjosmar.com\/fr\/politica-de-privacidad\/\" \/>\n<meta property=\"og:locale\" content=\"fr_FR\" \/>\n<meta property=\"og:type\" content=\"article\" \/>\n<meta property=\"og:title\" content=\"Politique de confidentialit\u00e9 - Rent a car\" \/>\n<meta property=\"og:description\" content=\"Politique de confidentialit\u00e9 1.IDENTIFICATION \u25cf Responsable : Josmar Caravaning S.L. \u25cf Si\u00e8ge social : Partida Pou Ample s\/n 12194 | [&hellip;]\" \/>\n<meta property=\"og:url\" content=\"https:\/\/rentacarjosmar.com\/fr\/politica-de-privacidad\/\" \/>\n<meta property=\"og:site_name\" content=\"Rent a car\" \/>\n<meta property=\"article:modified_time\" content=\"2024-02-19T14:19:53+00:00\" \/>\n<meta name=\"twitter:card\" content=\"summary_large_image\" \/>\n<meta name=\"twitter:label1\" content=\"Dur\u00e9e de lecture estim\u00e9e\" \/>\n\t<meta name=\"twitter:data1\" content=\"4 minutes\" \/>\n<script type=\"application\/ld+json\" class=\"yoast-schema-graph\">{\"@context\":\"https:\/\/schema.org\",\"@graph\":[{\"@type\":\"WebPage\",\"@id\":\"https:\/\/rentacarjosmar.com\/fr\/politica-de-privacidad\/\",\"url\":\"https:\/\/rentacarjosmar.com\/fr\/politica-de-privacidad\/\",\"name\":\"Politique de confidentialit\u00e9 - Rent a car\",\"isPartOf\":{\"@id\":\"https:\/\/rentacarjosmar.com\/#website\"},\"datePublished\":\"2024-02-02T09:07:15+00:00\",\"dateModified\":\"2024-02-19T14:19:53+00:00\",\"breadcrumb\":{\"@id\":\"https:\/\/rentacarjosmar.com\/fr\/politica-de-privacidad\/#breadcrumb\"},\"inLanguage\":\"fr-FR\",\"potentialAction\":[{\"@type\":\"ReadAction\",\"target\":[\"https:\/\/rentacarjosmar.com\/fr\/politica-de-privacidad\/\"]}]},{\"@type\":\"BreadcrumbList\",\"@id\":\"https:\/\/rentacarjosmar.com\/fr\/politica-de-privacidad\/#breadcrumb\",\"itemListElement\":[{\"@type\":\"ListItem\",\"position\":1,\"name\":\"Portada\",\"item\":\"https:\/\/rentacarjosmar.com\/\"},{\"@type\":\"ListItem\",\"position\":2,\"name\":\"Politique de confidentialit\u00e9\"}]},{\"@type\":\"WebSite\",\"@id\":\"https:\/\/rentacarjosmar.com\/#website\",\"url\":\"https:\/\/rentacarjosmar.com\/\",\"name\":\"Rent a car\",\"description\":\"Alquiler de coches en Castell\u00f3n\",\"publisher\":{\"@id\":\"https:\/\/rentacarjosmar.com\/#organization\"},\"potentialAction\":[{\"@type\":\"SearchAction\",\"target\":{\"@type\":\"EntryPoint\",\"urlTemplate\":\"https:\/\/rentacarjosmar.com\/?s={search_term_string}\"},\"query-input\":\"required name=search_term_string\"}],\"inLanguage\":\"fr-FR\"},{\"@type\":\"Organization\",\"@id\":\"https:\/\/rentacarjosmar.com\/#organization\",\"name\":\"Rent a car\",\"url\":\"https:\/\/rentacarjosmar.com\/\",\"logo\":{\"@type\":\"ImageObject\",\"inLanguage\":\"fr-FR\",\"@id\":\"https:\/\/rentacarjosmar.com\/#\/schema\/logo\/image\/\",\"url\":\"https:\/\/rentacarjosmar.com\/wp-content\/uploads\/2024\/01\/Rent-a-car-JOSMAR-01.png\",\"contentUrl\":\"https:\/\/rentacarjosmar.com\/wp-content\/uploads\/2024\/01\/Rent-a-car-JOSMAR-01.png\",\"width\":500,\"height\":200,\"caption\":\"Rent a car\"},\"image\":{\"@id\":\"https:\/\/rentacarjosmar.com\/#\/schema\/logo\/image\/\"}}]}<\/script>\n<!-- \/ Yoast SEO plugin. -->","yoast_head_json":{"title":"Politique de confidentialit\u00e9 - Rent a car","robots":{"index":"index","follow":"follow","max-snippet":"max-snippet:-1","max-image-preview":"max-image-preview:large","max-video-preview":"max-video-preview:-1"},"canonical":"https:\/\/rentacarjosmar.com\/fr\/politica-de-privacidad\/","og_locale":"fr_FR","og_type":"article","og_title":"Politique de confidentialit\u00e9 - Rent a car","og_description":"Politique de confidentialit\u00e9 1.IDENTIFICATION \u25cf Responsable : Josmar Caravaning S.L. \u25cf Si\u00e8ge social : Partida Pou Ample s\/n 12194 | [&hellip;]","og_url":"https:\/\/rentacarjosmar.com\/fr\/politica-de-privacidad\/","og_site_name":"Rent a car","article_modified_time":"2024-02-19T14:19:53+00:00","twitter_card":"summary_large_image","twitter_misc":{"Dur\u00e9e de lecture estim\u00e9e":"4 minutes"},"schema":{"@context":"https:\/\/schema.org","@graph":[{"@type":"WebPage","@id":"https:\/\/rentacarjosmar.com\/fr\/politica-de-privacidad\/","url":"https:\/\/rentacarjosmar.com\/fr\/politica-de-privacidad\/","name":"Politique de confidentialit\u00e9 - Rent a car","isPartOf":{"@id":"https:\/\/rentacarjosmar.com\/#website"},"datePublished":"2024-02-02T09:07:15+00:00","dateModified":"2024-02-19T14:19:53+00:00","breadcrumb":{"@id":"https:\/\/rentacarjosmar.com\/fr\/politica-de-privacidad\/#breadcrumb"},"inLanguage":"fr-FR","potentialAction":[{"@type":"ReadAction","target":["https:\/\/rentacarjosmar.com\/fr\/politica-de-privacidad\/"]}]},{"@type":"BreadcrumbList","@id":"https:\/\/rentacarjosmar.com\/fr\/politica-de-privacidad\/#breadcrumb","itemListElement":[{"@type":"ListItem","position":1,"name":"Portada","item":"https:\/\/rentacarjosmar.com\/"},{"@type":"ListItem","position":2,"name":"Politique de confidentialit\u00e9"}]},{"@type":"WebSite","@id":"https:\/\/rentacarjosmar.com\/#website","url":"https:\/\/rentacarjosmar.com\/","name":"Rent a car","description":"Alquiler de coches en Castell\u00f3n","publisher":{"@id":"https:\/\/rentacarjosmar.com\/#organization"},"potentialAction":[{"@type":"SearchAction","target":{"@type":"EntryPoint","urlTemplate":"https:\/\/rentacarjosmar.com\/?s={search_term_string}"},"query-input":"required name=search_term_string"}],"inLanguage":"fr-FR"},{"@type":"Organization","@id":"https:\/\/rentacarjosmar.com\/#organization","name":"Rent a car","url":"https:\/\/rentacarjosmar.com\/","logo":{"@type":"ImageObject","inLanguage":"fr-FR","@id":"https:\/\/rentacarjosmar.com\/#\/schema\/logo\/image\/","url":"https:\/\/rentacarjosmar.com\/wp-content\/uploads\/2024\/01\/Rent-a-car-JOSMAR-01.png","contentUrl":"https:\/\/rentacarjosmar.com\/wp-content\/uploads\/2024\/01\/Rent-a-car-JOSMAR-01.png","width":500,"height":200,"caption":"Rent a car"},"image":{"@id":"https:\/\/rentacarjosmar.com\/#\/schema\/logo\/image\/"}}]}},"_links":{"self":[{"href":"https:\/\/rentacarjosmar.com\/fr\/wp-json\/wp\/v2\/pages\/1130"}],"collection":[{"href":"https:\/\/rentacarjosmar.com\/fr\/wp-json\/wp\/v2\/pages"}],"about":[{"href":"https:\/\/rentacarjosmar.com\/fr\/wp-json\/wp\/v2\/types\/page"}],"author":[{"embeddable":true,"href":"https:\/\/rentacarjosmar.com\/fr\/wp-json\/wp\/v2\/users\/1"}],"replies":[{"embeddable":true,"href":"https:\/\/rentacarjosmar.com\/fr\/wp-json\/wp\/v2\/comments?post=1130"}],"version-history":[{"count":7,"href":"https:\/\/rentacarjosmar.com\/fr\/wp-json\/wp\/v2\/pages\/1130\/revisions"}],"predecessor-version":[{"id":1145,"href":"https:\/\/rentacarjosmar.com\/fr\/wp-json\/wp\/v2\/pages\/1130\/revisions\/1145"}],"wp:attachment":[{"href":"https:\/\/rentacarjosmar.com\/fr\/wp-json\/wp\/v2\/media?parent=1130"}],"curies":[{"name":"wp","href":"https:\/\/api.w.org\/{rel}","templated":true}]}}